{"id":16781,"date":"2025-10-18T20:51:21","date_gmt":"2025-10-18T18:51:21","guid":{"rendered":"https:\/\/congolobilelo.com\/pifonge\/?page_id=16781"},"modified":"2025-12-13T20:04:43","modified_gmt":"2025-12-13T19:04:43","slug":"livre","status":"publish","type":"page","link":"https:\/\/congolobilelo.com\/pifonge\/livre\/","title":{"rendered":"Ce n&rsquo;est pas un luxe"},"content":{"rendered":"<div class=\"wpb-content-wrapper\"><p>[vc_row heading_color=\u00a0\u00bblight\u00a0\u00bb section_full_height=\u00a0\u00bbfullheight\u00a0\u00bb bg_type=\u00a0\u00bbimage\u00a0\u00bb bg_image=\u00a0\u00bb16783&Prime; bg_image_type=\u00a0\u00bbhorizontal-parallax-lr\u00a0\u00bb bg_image_size=\u00a0\u00bbfull\u00a0\u00bb color_overlay=\u00a0\u00bbprimary-1&Prime; opacity_overlay=\u00a0\u00bb70&Prime; font_color=\u00a0\u00bb#ffffff\u00a0\u00bb][vc_column column_effect=\u00a0\u00bbmouse-move-x-y\u00a0\u00bb column_effect_invert=\u00a0\u00bbtrue\u00a0\u00bb width=\u00a0\u00bb1\/3&Prime;]<div class=\"grve-empty-space grve-height-3x\" style=\"\"><\/div><div class=\"grve-empty-space grve-height-3x\" style=\"\"><\/div><h1 class=\"grve-element grve-title grve-align-left grve-animated-item grve-duration-normal grve-fade-in-left grve-h1 grve-increase-heading grve-heading-120\" style=\"margin-bottom: 0px;\" data-delay=\"200\"><span>Ce n&rsquo;est pas un luxe<\/span><\/h1><h1 class=\"grve-element grve-title grve-align-left grve-animated-item grve-duration-normal grve-fade-in-left grve-h3\" style=\"\" data-delay=\"400\"><span>Id\u00e9es, ressources &amp; exp\u00e9riences qui nous font avancer.<\/span><\/h1>[vc_column_text css=\u00a0\u00bb\u00a0\u00bb text_style=\u00a0\u00bbleader-text\u00a0\u00bb animation=\u00a0\u00bbgrve-fade-in-up\u00a0\u00bb animation_delay=\u00a0\u00bb600&Prime;]<strong>CE N\u2019EST PAS UN LUXE<\/strong> est un livre original qui explore les d\u00e9fis africains contemporains \u00e0 travers le prisme de la pens\u00e9e critique et de la strat\u00e9gie.[\/vc_column_text]<div class=\"grve-empty-space grve-height-2x\" style=\"\"><\/div>[\/vc_column][vc_column width=\u00a0\u00bb2\/3&Prime;][\/vc_column][\/vc_row][vc_row][vc_column width=\u00a0\u00bb1\/3&Prime;]<div class=\"grve-element grve-image grve-align-center\" style=\"\">  <div class=\"grve-image-wrapper\"><img loading=\"lazy\" decoding=\"async\" width=\"560\" height=\"794\" src=\"https:\/\/congolobilelo.com\/pifonge\/wp-content\/uploads\/2025\/10\/Couverture-VA-Dessin-Ce-nest-pas-un-luxe.jpg\" class=\"attachment-full size-full\" alt=\"\" srcset=\"https:\/\/congolobilelo.com\/pifonge\/wp-content\/uploads\/2025\/10\/Couverture-VA-Dessin-Ce-nest-pas-un-luxe.jpg 560w, https:\/\/congolobilelo.com\/pifonge\/wp-content\/uploads\/2025\/10\/Couverture-VA-Dessin-Ce-nest-pas-un-luxe-212x300.jpg 212w\" sizes=\"auto, (max-width: 560px) 100vw, 560px\" \/>   <\/div><\/div>[\/vc_column][vc_column width=\u00a0\u00bb2\/3&Prime;][vc_column_text css=\u00a0\u00bb\u00a0\u00bb]<a href=\"https:\/\/www.amazon.fr\/dp\/2959890132\/\"><strong>Sortie du livre: D\u00e9cembre 2025<\/strong><\/a>[\/vc_column_text][vc_tta_tabs][vc_tta_section title=\u00a0\u00bbPourquoi ce livre est important\u00a0\u00bb tab_id=\u00a0\u00bb1760814148405-87004f06-7bcd\u00a0\u00bb][vc_column_text css=\u00a0\u00bb\u00a0\u00bb]L&rsquo;importance de cet ouvrage r\u00e9side dans sa\u00a0conviction fondamentale\u00a0: la pens\u00e9e critique n&rsquo;est pas un luxe, mais une n\u00e9cessit\u00e9 absolue pour l&rsquo;Afrique, une id\u00e9e tir\u00e9e de l&rsquo;aphorisme du philosophe Fabien Eboussi Boulaga.<\/p>\n<p>Le livre est n\u00e9 du besoin d&rsquo;un ouvrage qui traite de la communication, du leadership, de la strat\u00e9gie, ainsi que des enjeux g\u00e9opolitiques, soci\u00e9taux et culturels, le tout depuis une\u00a0perspective africaine. Cette perspective se veut productrice de sens, de solutions, et d\u2019imaginaires, affirmant le droit de l&rsquo;Afrique \u00e0 l&rsquo;intelligence, \u00e0 la dignit\u00e9 et \u00e0 l&rsquo;avenir.<\/p>\n<p>L&rsquo;ouvrage se propose d&rsquo;affronter le danger de l&rsquo;action sans r\u00e9flexion ou de laisser d&rsquo;autres d\u00e9finir la r\u00e9alit\u00e9 africaine. Il est con\u00e7u comme une concr\u00e9tisation d&rsquo;une philosophie o\u00f9 la\u00a0pens\u00e9e critique est un acte de r\u00e9sistance, de lib\u00e9ration et de puissance, servant de socle \u00e0 toute strat\u00e9gie, leadership et communication valable. En d\u00e9finitive, il s&rsquo;agit d&rsquo;une invitation \u00e0 la bataille des id\u00e9es pour r\u00e9inventer l&rsquo;avenir commun, dans un souci constant de p\u00e9dagogie et de propositions concr\u00e8tes.<br \/>\n[\/vc_column_text][\/vc_tta_section][vc_tta_section title=\u00a0\u00bbPourquoi ce livre va plaire\u00a0\u00bb tab_id=\u00a0\u00bb1760814148462-e34a7276-9a0b\u00a0\u00bb][vc_column_text css=\u00a0\u00bb\u00a0\u00bb]<strong>A ceux qui s&rsquo;int\u00e9ressent aux enjeux africains et aux \u00e9tudiants :<\/strong><br \/>\nIl offre une approche de la pens\u00e9e critique comme outil de souverainet\u00e9 et d&rsquo;autonomie intellectuelle. Concentr\u00e9 d\u2019analyses et d\u2019essais\u00a0\u00e9crits, Ce n\u2019est pas un luxe est un outil p\u00e9dagogique avec un accent mis sur la n\u00e9cessit\u00e9 d&rsquo;investir dans la conqu\u00eate intellectuelle pour fa\u00e7onner les argumentaires de demain. Et il encourage \u00e0 d\u00e9construire les faux r\u00e9cits et \u00e0\u00a0cr\u00e9er une contre-h\u00e9g\u00e9monie culturelle.<\/p>\n<p><strong>Aux communicants et aux acteurs de la paix et du d\u00e9veloppement :\u00a0<\/strong><br \/>\nLe livre est explicitement organis\u00e9 autour de la \u00ab\u00a0G\u00e9opolitique, des enjeux de paix et du d\u00e9fis du d\u00e9veloppement\u00a0\u00bb. Il rappelle qu&rsquo;il est n\u00e9cessaire de\u00a0\u00ab\u00a0th\u00e9oriser et de comprendre le r\u00e9el, non pour remplacer l\u2019action mais pour \u00e9clairer l\u2019action\u00a0\u00bb. Il d\u00e9crypte et interroge les situations g\u00e9opolitiques complexes comme la guerre en RDC. Il insiste sur la\u00a0communication strat\u00e9gique\u00a0comme fonction essentielle pour la paix et la guerre, et analyse les pi\u00e8ges des accords de paix qui risquent d&rsquo;institutionnaliser la d\u00e9faite et la soumission. Il propose des pistes concr\u00e8tes pour la refondation (par exemple, la souverainet\u00e9 num\u00e9rique et la foresterie communautaire).<\/p>\n<p><a href=\"https:\/\/www.amazon.fr\/dp\/2959890132\/\"><strong>ACHETEZ LE LIVRE<\/strong><\/a>[\/vc_column_text][\/vc_tta_section][vc_tta_section title=\u00a0\u00bbLe contenu du livre\u00a0\u00bb tab_id=\u00a0\u00bb1760814440046-9c071adb-9a0d\u00a0\u00bb][vc_column_text css=\u00a0\u00bb\u00a0\u00bb]<strong>1. Communication strat\u00e9gique &amp; leadership <\/strong><br \/>\nDans cette partie, le r\u00f4le strat\u00e9gique de la communication est mis en lumi\u00e8re. Le livre d\u00e9montre pourquoi la communication est un acte politique (n\u00e9gociation et cohabitation) et que la communication strat\u00e9gique est l\u2019art d\u2019anticiper et de g\u00e9rer les cons\u00e9quences des actions, crucial en contexte de crise. Il analyse le leadership transformationnel (inspir\u00e9 notamment du film The Great Debaters) en tant qu\u2019art de l\u2019abn\u00e9gation organis\u00e9e, visant \u00e0 former d\u2019autres leaders autonomes. Et d\u00e9crypte l&rsquo;art de transformer la parole en un levier de puissance et de transformation.<\/p>\n<p><strong>2. G\u00e9opolitique, enjeux de paix &amp; d\u00e9fis du d\u00e9veloppement <\/strong><br \/>\nDans cette seconde partie, \u00ab\u00a0Ce n&rsquo;est pas un luxe\u00a0\u00bb d\u00e9crypte les luttes d&rsquo;influence et les d\u00e9fis g\u00e9opolitiques en Afrique, notamment en RDC. Il appelle \u00e0 une insurrection des consciences et \u00e0 la cr\u00e9ation de collectifs citoyens pour la refondation de l&rsquo;\u00c9tat et la reconqu\u00eate de la souverainet\u00e9. Par ailleurs, il analyse les enjeux de la souverainet\u00e9 mini\u00e8re et foresti\u00e8re (prenant l&rsquo;exemple du Mali et de la RDC) pour contrer l&rsquo;ordre de pr\u00e9dation. Enfin, il soumet les accords de paix \u00e0 un examen critique, avertissant contre les \u00ab\u00a0paix funestes\u00a0\u00bb impos\u00e9es de l\u2019ext\u00e9rieur, qui peuvent masquer la liquidation de la souverainet\u00e9 et l&rsquo;absence de justice.<\/p>\n<p><strong>3. Dynamiques soci\u00e9tales et culturelles <\/strong><br \/>\nDans la troisi\u00e8me partie, \u00ab\u00a0Ce n&rsquo;est pas un luxe\u00a0\u00bb explore les mutations identitaires et soci\u00e9tales dans une perspective africaine. Il d\u00e9construit l&rsquo;illusion du capitalisme noir comme ruse pour la paup\u00e9risation, pr\u00f4nant une alternative ancr\u00e9e dans le panafricanisme des peuples et la solidarit\u00e9. Il utilise des \u0153uvres culturelles (comme Squid Game ou le film Fanon) pour d\u00e9crypter les effets du n\u00e9olib\u00e9ralisme (guerre de tous contre tous) et la pathologie du racisme, appelant \u00e0 une th\u00e9rapie collective et \u00e0 une insurrection des consciences, \u00e0 nouveau. Il \u00e9labore \u00e9galement des pistes pour constituer un dossier solide pour les r\u00e9parations, au-del\u00e0 de l&rsquo;h\u00e9ritage colonial.<\/p>\n<p><strong>4. Intelligence artificielle, gouvernance &amp; transformations<\/strong><br \/>\nLa derni\u00e8re partie du livre est consacr\u00e9e \u00e0 l\u2019intelligence artificielle comme un nouveau champ de bataille g\u00e9opolitique o\u00f9 se joue la souverainet\u00e9. \u00ab\u00a0Ce n&rsquo;est pas un luxe\u00a0\u00bb d\u00e9nonce le techno-colonialisme et le mythe d&rsquo;une technologie apolitique, soulignant que la d\u00e9pendance num\u00e9rique est une vuln\u00e9rabilit\u00e9 strat\u00e9gique majeure pour les Etats africains. Il insiste sur la n\u00e9cessit\u00e9 pour l&rsquo;Afrique de passer d&rsquo;une posture de consommateur \u00e0 celle d&rsquo;acteur, en forgeant une souverainet\u00e9 num\u00e9rique africaine bas\u00e9e sur un mod\u00e8le de protection endog\u00e8ne des donn\u00e9es (incluant des droits collectifs) et une diplomatie de bloc unifi\u00e9e pour s&rsquo;imposer.[\/vc_column_text][\/vc_tta_section][\/vc_tta_tabs][\/vc_column][\/vc_row][vc_row][vc_column]<div class=\"grve-element grve-divider\" style=\"\"><div class=\"grve-line-divider grve-border\"><\/div><\/div>[\/vc_column][\/vc_row][vc_row][vc_column width=\u00a0\u00bb1\/2&Prime;][vc_column_text]<iframe loading=\"lazy\" style=\"max-width: 100%;\" src=\"https:\/\/lire.amazon.fr\/kp\/card?asin=2959890132&amp;preview=inline&amp;linkCode=kpe&amp;ref_=cm_sw_r_kb_dp_40MPY6B54YEP67QJRYHE\" width=\"336\" height=\"550\" frameborder=\"0\" sandbox=\"allow-scripts allow-same-origin allow-popups\" allowfullscreen=\"allowfullscreen\"><\/iframe>[\/vc_column_text][\/vc_column][vc_column width=\u00a0\u00bb1\/2&Prime;][vc_column_text]<strong>Cr\u00e9dits<\/strong><br \/>\nAuteur: Esimba Ifonge<br \/>\nEditeur: Congo Lobi Lelo<\/p>\n<p>&#8212;&#8212;<br \/>\n<strong>El\u00e9ments techniques<\/strong><\/p>\n<p>ISBN : 9782959890130<br \/>\nDimensions : 148 * 210 mm<br \/>\nNombre de pages : 240 pages<br \/>\nPrix : 20 euros (version papier), 7,99 euros (eBook)<\/p>\n<p>&#8212;&#8212;<br \/>\n<strong>O\u00f9 acheter le livre<\/strong><\/p>\n<p>&#8211; <a href=\"https:\/\/www.amazon.fr\/dp\/2959890132\/\" target=\"_blank\" rel=\"noopener\">Amazon (Papier &amp; ebook)<\/a>[\/vc_column_text][\/vc_column][\/vc_row]<\/p>\n<\/div>","protected":false},"excerpt":{"rendered":"<p>[vc_row heading_color=\u00a0\u00bblight\u00a0\u00bb section_full_height=\u00a0\u00bbfullheight\u00a0\u00bb bg_type=\u00a0\u00bbimage\u00a0\u00bb bg_image=\u00a0\u00bb16783&Prime; bg_image_type=\u00a0\u00bbhorizontal-parallax-lr\u00a0\u00bb bg_image_size=\u00a0\u00bbfull\u00a0\u00bb color_overlay=\u00a0\u00bbprimary-1&Prime; opacity_overlay=\u00a0\u00bb70&Prime; font_color=\u00a0\u00bb#ffffff\u00a0\u00bb][vc_column column_effect=\u00a0\u00bbmouse-move-x-y\u00a0\u00bb column_effect_invert=\u00a0\u00bbtrue\u00a0\u00bb width=\u00a0\u00bb1\/3&Prime;][vc_column_text css=\u00a0\u00bb\u00a0\u00bb text_style=\u00a0\u00bbleader-text\u00a0\u00bb animation=\u00a0\u00bbgrve-fade-in-up\u00a0\u00bb animation_delay=\u00a0\u00bb600&Prime;]CE N\u2019EST PAS UN LUXE est un livre original qui explore les d\u00e9fis africains contemporains \u00e0 travers le prisme de la pens\u00e9e critique et de la strat\u00e9gie.[\/vc_column_text][\/vc_column][vc_column width=\u00a0\u00bb2\/3&Prime;][\/vc_column][\/vc_row][vc_row][vc_column width=\u00a0\u00bb1\/3&Prime;][\/vc_column][vc_column width=\u00a0\u00bb2\/3&Prime;][vc_column_text css=\u00a0\u00bb\u00a0\u00bb]Sortie du livre: D\u00e9cembre 2025[\/vc_column_text][vc_tta_tabs][vc_tta_section title=\u00a0\u00bbPourquoi ce livre est [&hellip;]<\/p>\n","protected":false},"author":1,"featured_media":0,"parent":0,"menu_order":0,"comment_status":"closed","ping_status":"closed","template":"","meta":{"content-type":"","footnotes":""},"class_list":["post-16781","page","type-page","status-publish","hentry"],"_links":{"self":[{"href":"https:\/\/congolobilelo.com\/pifonge\/wp-json\/wp\/v2\/pages\/16781","targetHints":{"allow":["GET"]}}],"collection":[{"href":"https:\/\/congolobilelo.com\/pifonge\/wp-json\/wp\/v2\/pages"}],"about":[{"href":"https:\/\/congolobilelo.com\/pifonge\/wp-json\/wp\/v2\/types\/page"}],"author":[{"embeddable":true,"href":"https:\/\/congolobilelo.com\/pifonge\/wp-json\/wp\/v2\/users\/1"}],"replies":[{"embeddable":true,"href":"https:\/\/congolobilelo.com\/pifonge\/wp-json\/wp\/v2\/comments?post=16781"}],"version-history":[{"count":11,"href":"https:\/\/congolobilelo.com\/pifonge\/wp-json\/wp\/v2\/pages\/16781\/revisions"}],"predecessor-version":[{"id":16816,"href":"https:\/\/congolobilelo.com\/pifonge\/wp-json\/wp\/v2\/pages\/16781\/revisions\/16816"}],"wp:attachment":[{"href":"https:\/\/congolobilelo.com\/pifonge\/wp-json\/wp\/v2\/media?parent=16781"}],"curies":[{"name":"wp","href":"https:\/\/api.w.org\/{rel}","templated":true}]}}