{"id":16673,"date":"2025-07-30T18:55:06","date_gmt":"2025-07-30T16:55:06","guid":{"rendered":"https:\/\/congolobilelo.com\/pifonge\/?page_id=16673"},"modified":"2025-07-30T19:21:36","modified_gmt":"2025-07-30T17:21:36","slug":"ia","status":"publish","type":"page","link":"https:\/\/congolobilelo.com\/pifonge\/ia\/","title":{"rendered":"IA"},"content":{"rendered":"<div class=\"wpb-content-wrapper\"><p>[vc_row heading_color=\u00a0\u00bblight\u00a0\u00bb section_full_height=\u00a0\u00bbfullheight\u00a0\u00bb bg_type=\u00a0\u00bbimage\u00a0\u00bb bg_image=\u00a0\u00bb16509&Prime; bg_image_type=\u00a0\u00bbhorizontal-parallax-lr\u00a0\u00bb bg_image_size=\u00a0\u00bbfull\u00a0\u00bb color_overlay=\u00a0\u00bbprimary-1&Prime; opacity_overlay=\u00a0\u00bb70&Prime; font_color=\u00a0\u00bb#ffffff\u00a0\u00bb][vc_column column_effect=\u00a0\u00bbmouse-move-x-y\u00a0\u00bb column_effect_invert=\u00a0\u00bbtrue\u00a0\u00bb width=\u00a0\u00bb1\/3&Prime;]<div class=\"grve-empty-space grve-height-3x\" style=\"\"><\/div><div class=\"grve-empty-space grve-height-3x\" style=\"\"><\/div><h1 class=\"grve-element grve-title grve-align-left grve-animated-item grve-duration-normal grve-fade-in-left grve-h1 grve-increase-heading grve-heading-120\" style=\"margin-bottom: 0px;\" data-delay=\"200\"><span>IA<\/span><\/h1><h1 class=\"grve-element grve-title grve-align-left grve-animated-item grve-duration-normal grve-fade-in-left grve-h3\" style=\"\" data-delay=\"400\"><span>Sur l&rsquo;IA, la gouvernance et les enjeux de transformation<\/span><\/h1>[vc_column_text css=\u00a0\u00bb\u00a0\u00bb text_style=\u00a0\u00bbleader-text\u00a0\u00bb animation=\u00a0\u00bbgrve-fade-in-up\u00a0\u00bb animation_delay=\u00a0\u00bb600&Prime;]<em>\u00ab\u00a0Si nous nous contentons de reproduire les formes mat\u00e9rielles du progr\u00e8s technique, c\u2019est comme si nous dressons le d\u00e9cor d\u2019un th\u00e9\u00e2tre o\u00f9 nous ne jouerions que le r\u00f4le des figurants.\u00a0\u00bb<\/em><br \/>\n&#8211; JKZ[\/vc_column_text]<div class=\"grve-empty-space grve-height-2x\" style=\"\"><\/div><div class=\"grve-element grve-box-icon grve-small grve-side-icon grve-align-left grve-animated-item grve-fade-in-up grve-duration-normal grve-with-shape\" style=\"\" data-delay=\"1000\"><a href=\"https:\/\/illmatik.com\/\" target=\"_blank\" rel=\"noopener noreferrer\"><div class=\"grve-wrapper-icon grve-simple grve-circle grve-bg-primary-6\" style=\"\"><i class=\"grve-text-white smp-icon-arrow-right-circle\"><\/i><\/div><div class=\"grve-box-content\"><div class=\"grve-box-title-wrapper\"><h3 class=\"grve-box-title grve-h5\">Plus d'analyses et commentaires<\/h3><\/div><\/div><\/a><\/div>[\/vc_column][vc_column width=\u00a0\u00bb2\/3&Prime;][\/vc_column][\/vc_row][vc_row][vc_column]\t\t<div class=\"grve-element grve-blog grve-blog-small grve-non-isotope\" style=\"\" >\r\n\t\t\t<div class=\"grve-standard-container\">\r\n\t\t\t<article class=\"grve-blog-item grve-small-post grve-non-isotope-item post-16832 post type-post status-publish format-standard has-post-thumbnail hentry category-ia category-news-idees\" itemscope itemType=\"http:\/\/schema.org\/BlogPosting\">\r\n\t\t\t\t<div class=\"grve-blog-item-inner grve-isotope-item-inner\">\r\n\t\t\t\t\t\t\t\t\t\t\t\t\t<div class=\"grve-media\">\r\n\t\t\t<a class=\"grve-item-url\" href=\"https:\/\/congolobilelo.com\/pifonge\/lia-le-berger-lexpert-et-le-chien\/\" aria-label=\"L\u2019IA, le Berger, l\u2019expert et le chien: Les m\u00e9tiers du savoir et du conseil en question\"><\/a>\r\n\t\t\t<img loading=\"lazy\" decoding=\"async\" width=\"560\" height=\"420\" src=\"https:\/\/congolobilelo.com\/pifonge\/wp-content\/uploads\/2026\/01\/LIA-le-berger-et-le-chien-560x420.jpg\" class=\"attachment-movedo-grve-small-rect-horizontal size-movedo-grve-small-rect-horizontal wp-post-image\" alt=\"\" srcset=\"https:\/\/congolobilelo.com\/pifonge\/wp-content\/uploads\/2026\/01\/LIA-le-berger-et-le-chien-560x420.jpg 560w, https:\/\/congolobilelo.com\/pifonge\/wp-content\/uploads\/2026\/01\/LIA-le-berger-et-le-chien-300x225.jpg 300w, https:\/\/congolobilelo.com\/pifonge\/wp-content\/uploads\/2026\/01\/LIA-le-berger-et-le-chien-1024x768.jpg 1024w, https:\/\/congolobilelo.com\/pifonge\/wp-content\/uploads\/2026\/01\/LIA-le-berger-et-le-chien-768x576.jpg 768w, https:\/\/congolobilelo.com\/pifonge\/wp-content\/uploads\/2026\/01\/LIA-le-berger-et-le-chien-1536x1152.jpg 1536w, https:\/\/congolobilelo.com\/pifonge\/wp-content\/uploads\/2026\/01\/LIA-le-berger-et-le-chien-900x675.jpg 900w, https:\/\/congolobilelo.com\/pifonge\/wp-content\/uploads\/2026\/01\/LIA-le-berger-et-le-chien-1920x1440.jpg 1920w\" sizes=\"auto, (max-width: 560px) 100vw, 560px\" \/>\t\t\t<div class=\"grve-bg-black grve-hover-overlay grve-opacity-10\"><\/div>\r\n\t\t<\/div>\r\n\t\t\t\t\t\t<div class=\"grve-post-content-wrapper\">\r\n\t\t\t\t\t\t\t<div class=\"grve-post-content\">\r\n\t\t\t\t\t\t\t\t<div class=\"grve-post-header\">\r\n\t\t\t\t\t\t\t\t\t\t\t\t\t\t\t\t\t\t\t\t<span class=\"grve-hidden\">\r\n\t\t\t<span class=\"grve-structured-data entry-title\">L\u2019IA, le Berger, l\u2019expert et le chien: Les m\u00e9tiers du savoir et du conseil en question<\/span>\r\n\t\t\t<span class=\"grve-structured-data\" itemprop=\"image\" itemscope itemtype=\"http:\/\/schema.org\/ImageObject\">\r\n\t\t\t   <span itemprop='url' >https:\/\/congolobilelo.com\/pifonge\/wp-content\/uploads\/2026\/01\/LIA-le-berger-et-le-chien.jpg<\/span>\r\n\t\t\t   <span itemprop='height' >2304<\/span>\r\n\t\t\t   <span itemprop='width' >1728<\/span>\r\n\t\t\t<\/span>\r\n\t\t\t\t\t\t<span class=\"grve-structured-data vcard author\" itemprop=\"author\" itemscope itemtype=\"http:\/\/schema.org\/Person\">\r\n\t\t\t\t<span itemprop=\"name\" class=\"fn\">#PIEcE<\/span>\r\n\t\t\t<\/span>\r\n\t\t\t<span class=\"grve-structured-data\" itemprop=\"publisher\" itemscope itemtype=\"http:\/\/schema.org\/Organization\">\r\n\t\t\t\t<span itemprop='name'>#PIEcE<\/span>\r\n\t\t\t\t<span itemprop='logo' itemscope itemtype='http:\/\/schema.org\/ImageObject'>\r\n\t\t\t\t\t<span itemprop='url'>https:\/\/secure.gravatar.com\/avatar\/d6d4a2f9619cfe49110b97f6ff4a57f0faddbff38f35fecf73e5423e148289e0?s=96&#038;d=mm&#038;r=g<\/span>\r\n\t\t\t\t<\/span>\r\n\t\t\t<\/span>\r\n\t\t\t\t\t\t<time class=\"grve-structured-data date published\" itemprop=\"datePublished\" datetime=\"2026-01-11T22:23:18+01:00\">11 janvier 2026<\/time>\r\n\t\t\t<time class=\"grve-structured-data date updated\" itemprop=\"dateModified\"  datetime=\"2026-01-11T22:24:22+01:00\">11 janvier 2026<\/time>\r\n\t\t\t<span class=\"grve-structured-data\" itemprop=\"mainEntityOfPage\" itemscope itemtype=\"http:\/\/schema.org\/WebPage\" itemid=\"https:\/\/congolobilelo.com\/pifonge\/lia-le-berger-lexpert-et-le-chien\/\"><\/span>\r\n\t\t<\/span>\r\n\t\t\t\t\t\t\t\t\t\t\t\t\t\t\t\t\t\t\t\t<ul class=\"grve-post-meta\">\r\n\t\t\t\t\t\t\t\t\t\t<li class=\"grve-post-date\">\t<time class=\"\" datetime=\"2026-01-11T22:23:18+01:00\">\r\n\t\t11 janvier 2026\t<\/time>\r\n<\/li>\t\t\t\t\t\t\t\t\t\t<\/ul>\r\n\t\t\t\t\t\t\t\t\t\t\t\t\t\t\t\t\t\t\t\t\t\t\t\t\t\t\t<a href=\"https:\/\/congolobilelo.com\/pifonge\/lia-le-berger-lexpert-et-le-chien\/\" rel=\"bookmark\"><h2 class=\"grve-post-title grve-post-title-hover grve-h2\" itemprop=\"headline\">L\u2019IA, le Berger, l\u2019expert et le chien: Les m\u00e9tiers du savoir et du conseil en question<\/h2><\/a>\t\t\t\t\t\t\t\t<\/div>\r\n\t\t\t\t\t\t\t\t<div itemprop=\"articleBody\"><p>Parmi les anecdotes et les histoires toujours pertinentes que le psychanalyste Roland Gori partage dans ses livres et conf\u00e9rences, l\u2019histoire du berger et de l\u2019expert m\u2019a toujours paru excellente pour comprendre les m\u00e9tiers du savoir et la fonction ou le statut d\u2019expert dans nos soci\u00e9t\u00e9s dites modernes. L\u2019histoire du berger et de l\u2019expert est une\u2026<\/p><\/div>\t\t\t\t\t\t\t<\/div>\r\n\t\t\t\t\t\t<\/div>\r\n\t\t\t\t\t\r\n\t\t\t\t<\/div>\t\t\t<\/article>\r\n\r\n\t\t\t<article class=\"grve-blog-item grve-small-post grve-non-isotope-item post-16792 post type-post status-publish format-standard has-post-thumbnail hentry category-societe category-ia category-news-idees\" itemscope itemType=\"http:\/\/schema.org\/BlogPosting\">\r\n\t\t\t\t<div class=\"grve-blog-item-inner grve-isotope-item-inner\">\r\n\t\t\t\t\t\t\t\t\t\t\t\t\t<div class=\"grve-media\">\r\n\t\t\t<a class=\"grve-item-url\" href=\"https:\/\/congolobilelo.com\/pifonge\/des-boucliers-de-defense-pour-nos-cerveaux\/\" aria-label=\"Des boucliers de d\u00e9fense pour nos cerveaux\"><\/a>\r\n\t\t\t<img loading=\"lazy\" decoding=\"async\" width=\"560\" height=\"420\" src=\"https:\/\/congolobilelo.com\/pifonge\/wp-content\/uploads\/2025\/10\/Bouclier2-560x420.jpg\" class=\"attachment-movedo-grve-small-rect-horizontal size-movedo-grve-small-rect-horizontal wp-post-image\" alt=\"\" srcset=\"https:\/\/congolobilelo.com\/pifonge\/wp-content\/uploads\/2025\/10\/Bouclier2-560x420.jpg 560w, https:\/\/congolobilelo.com\/pifonge\/wp-content\/uploads\/2025\/10\/Bouclier2-900x675.jpg 900w\" sizes=\"auto, (max-width: 560px) 100vw, 560px\" \/>\t\t\t<div class=\"grve-bg-black grve-hover-overlay grve-opacity-10\"><\/div>\r\n\t\t<\/div>\r\n\t\t\t\t\t\t<div class=\"grve-post-content-wrapper\">\r\n\t\t\t\t\t\t\t<div class=\"grve-post-content\">\r\n\t\t\t\t\t\t\t\t<div class=\"grve-post-header\">\r\n\t\t\t\t\t\t\t\t\t\t\t\t\t\t\t\t\t\t\t\t<span class=\"grve-hidden\">\r\n\t\t\t<span class=\"grve-structured-data entry-title\">Des boucliers de d\u00e9fense pour nos cerveaux<\/span>\r\n\t\t\t<span class=\"grve-structured-data\" itemprop=\"image\" itemscope itemtype=\"http:\/\/schema.org\/ImageObject\">\r\n\t\t\t   <span itemprop='url' >https:\/\/congolobilelo.com\/pifonge\/wp-content\/uploads\/2025\/10\/Bouclier2.jpg<\/span>\r\n\t\t\t   <span itemprop='height' >1920<\/span>\r\n\t\t\t   <span itemprop='width' >1280<\/span>\r\n\t\t\t<\/span>\r\n\t\t\t\t\t\t<span class=\"grve-structured-data vcard author\" itemprop=\"author\" itemscope itemtype=\"http:\/\/schema.org\/Person\">\r\n\t\t\t\t<span itemprop=\"name\" class=\"fn\">#PIEcE<\/span>\r\n\t\t\t<\/span>\r\n\t\t\t<span class=\"grve-structured-data\" itemprop=\"publisher\" itemscope itemtype=\"http:\/\/schema.org\/Organization\">\r\n\t\t\t\t<span itemprop='name'>#PIEcE<\/span>\r\n\t\t\t\t<span itemprop='logo' itemscope itemtype='http:\/\/schema.org\/ImageObject'>\r\n\t\t\t\t\t<span itemprop='url'>https:\/\/secure.gravatar.com\/avatar\/d6d4a2f9619cfe49110b97f6ff4a57f0faddbff38f35fecf73e5423e148289e0?s=96&#038;d=mm&#038;r=g<\/span>\r\n\t\t\t\t<\/span>\r\n\t\t\t<\/span>\r\n\t\t\t\t\t\t<time class=\"grve-structured-data date published\" itemprop=\"datePublished\" datetime=\"2025-10-23T21:41:28+02:00\">23 octobre 2025<\/time>\r\n\t\t\t<time class=\"grve-structured-data date updated\" itemprop=\"dateModified\"  datetime=\"2025-10-23T22:00:08+02:00\">23 octobre 2025<\/time>\r\n\t\t\t<span class=\"grve-structured-data\" itemprop=\"mainEntityOfPage\" itemscope itemtype=\"http:\/\/schema.org\/WebPage\" itemid=\"https:\/\/congolobilelo.com\/pifonge\/des-boucliers-de-defense-pour-nos-cerveaux\/\"><\/span>\r\n\t\t<\/span>\r\n\t\t\t\t\t\t\t\t\t\t\t\t\t\t\t\t\t\t\t\t<ul class=\"grve-post-meta\">\r\n\t\t\t\t\t\t\t\t\t\t<li class=\"grve-post-date\">\t<time class=\"\" datetime=\"2025-10-23T21:41:28+02:00\">\r\n\t\t23 octobre 2025\t<\/time>\r\n<\/li>\t\t\t\t\t\t\t\t\t\t<\/ul>\r\n\t\t\t\t\t\t\t\t\t\t\t\t\t\t\t\t\t\t\t\t\t\t\t\t\t\t\t<a href=\"https:\/\/congolobilelo.com\/pifonge\/des-boucliers-de-defense-pour-nos-cerveaux\/\" rel=\"bookmark\"><h2 class=\"grve-post-title grve-post-title-hover grve-h2\" itemprop=\"headline\">Des boucliers de d\u00e9fense pour nos cerveaux<\/h2><\/a>\t\t\t\t\t\t\t\t<\/div>\r\n\t\t\t\t\t\t\t\t<div itemprop=\"articleBody\"><p>Pendant que les Occidentaux s&rsquo;inqui\u00e8tent des puces Neuralink et du lavage de cerveau de haute technologie qu\u2019elles pourraient engendrer, les Africains, eux, devraient se soucier des menottes cognitives low-tech qui l\u2019enserrent d\u00e9j\u00e0. Nous ne sommes pas encore sous l\u2019emprise de l\u2019implant neuronal. Par contre nous sommes de plus en plus ligot\u00e9s par la logique de\u2026<\/p><\/div>\t\t\t\t\t\t\t<\/div>\r\n\t\t\t\t\t\t<\/div>\r\n\t\t\t\t\t\r\n\t\t\t\t<\/div>\t\t\t<\/article>\r\n\r\n\t\t\t<article class=\"grve-blog-item grve-small-post grve-non-isotope-item post-16777 post type-post status-publish format-standard has-post-thumbnail hentry category-societe category-ia category-news-idees\" itemscope itemType=\"http:\/\/schema.org\/BlogPosting\">\r\n\t\t\t\t<div class=\"grve-blog-item-inner grve-isotope-item-inner\">\r\n\t\t\t\t\t\t\t\t\t\t\t\t\t<div class=\"grve-media\">\r\n\t\t\t<a class=\"grve-item-url\" href=\"https:\/\/congolobilelo.com\/pifonge\/decider\/\" aria-label=\"D\u00e9cider !\"><\/a>\r\n\t\t\t<img loading=\"lazy\" decoding=\"async\" width=\"560\" height=\"420\" src=\"https:\/\/congolobilelo.com\/pifonge\/wp-content\/uploads\/2025\/10\/Decider-560x420.jpg\" class=\"attachment-movedo-grve-small-rect-horizontal size-movedo-grve-small-rect-horizontal wp-post-image\" alt=\"\" srcset=\"https:\/\/congolobilelo.com\/pifonge\/wp-content\/uploads\/2025\/10\/Decider-560x420.jpg 560w, https:\/\/congolobilelo.com\/pifonge\/wp-content\/uploads\/2025\/10\/Decider-900x675.jpg 900w\" sizes=\"auto, (max-width: 560px) 100vw, 560px\" \/>\t\t\t<div class=\"grve-bg-black grve-hover-overlay grve-opacity-10\"><\/div>\r\n\t\t<\/div>\r\n\t\t\t\t\t\t<div class=\"grve-post-content-wrapper\">\r\n\t\t\t\t\t\t\t<div class=\"grve-post-content\">\r\n\t\t\t\t\t\t\t\t<div class=\"grve-post-header\">\r\n\t\t\t\t\t\t\t\t\t\t\t\t\t\t\t\t\t\t\t\t<span class=\"grve-hidden\">\r\n\t\t\t<span class=\"grve-structured-data entry-title\">D\u00e9cider !<\/span>\r\n\t\t\t<span class=\"grve-structured-data\" itemprop=\"image\" itemscope itemtype=\"http:\/\/schema.org\/ImageObject\">\r\n\t\t\t   <span itemprop='url' >https:\/\/congolobilelo.com\/pifonge\/wp-content\/uploads\/2025\/10\/Decider.jpg<\/span>\r\n\t\t\t   <span itemprop='height' >1920<\/span>\r\n\t\t\t   <span itemprop='width' >1277<\/span>\r\n\t\t\t<\/span>\r\n\t\t\t\t\t\t<span class=\"grve-structured-data vcard author\" itemprop=\"author\" itemscope itemtype=\"http:\/\/schema.org\/Person\">\r\n\t\t\t\t<span itemprop=\"name\" class=\"fn\">#PIEcE<\/span>\r\n\t\t\t<\/span>\r\n\t\t\t<span class=\"grve-structured-data\" itemprop=\"publisher\" itemscope itemtype=\"http:\/\/schema.org\/Organization\">\r\n\t\t\t\t<span itemprop='name'>#PIEcE<\/span>\r\n\t\t\t\t<span itemprop='logo' itemscope itemtype='http:\/\/schema.org\/ImageObject'>\r\n\t\t\t\t\t<span itemprop='url'>https:\/\/secure.gravatar.com\/avatar\/d6d4a2f9619cfe49110b97f6ff4a57f0faddbff38f35fecf73e5423e148289e0?s=96&#038;d=mm&#038;r=g<\/span>\r\n\t\t\t\t<\/span>\r\n\t\t\t<\/span>\r\n\t\t\t\t\t\t<time class=\"grve-structured-data date published\" itemprop=\"datePublished\" datetime=\"2025-10-06T11:38:20+02:00\">6 octobre 2025<\/time>\r\n\t\t\t<time class=\"grve-structured-data date updated\" itemprop=\"dateModified\"  datetime=\"2025-10-06T11:48:02+02:00\">6 octobre 2025<\/time>\r\n\t\t\t<span class=\"grve-structured-data\" itemprop=\"mainEntityOfPage\" itemscope itemtype=\"http:\/\/schema.org\/WebPage\" itemid=\"https:\/\/congolobilelo.com\/pifonge\/decider\/\"><\/span>\r\n\t\t<\/span>\r\n\t\t\t\t\t\t\t\t\t\t\t\t\t\t\t\t\t\t\t\t<ul class=\"grve-post-meta\">\r\n\t\t\t\t\t\t\t\t\t\t<li class=\"grve-post-date\">\t<time class=\"\" datetime=\"2025-10-06T11:38:20+02:00\">\r\n\t\t6 octobre 2025\t<\/time>\r\n<\/li>\t\t\t\t\t\t\t\t\t\t<\/ul>\r\n\t\t\t\t\t\t\t\t\t\t\t\t\t\t\t\t\t\t\t\t\t\t\t\t\t\t\t<a href=\"https:\/\/congolobilelo.com\/pifonge\/decider\/\" rel=\"bookmark\"><h2 class=\"grve-post-title grve-post-title-hover grve-h2\" itemprop=\"headline\">D\u00e9cider !<\/h2><\/a>\t\t\t\t\t\t\t\t<\/div>\r\n\t\t\t\t\t\t\t\t<div itemprop=\"articleBody\"><p>Formulaires, intelligence artificielle, algorithmes, indicateurs de performance, etc. : La d\u00e9cision nous appartient-elle encore ? Combien de fois un formulaire en ligne ou une proc\u00e9dure administrative vous a-t-il forc\u00e9 dans une case qui ne refl\u00e9tait qu\u2019une infime partie de votre r\u00e9alit\u00e9 ? Le formulaire nous force \u00e0 simplifier, quitte \u00e0 travestir nos r\u00e9alit\u00e9s et exp\u00e9riences\u2026<\/p><\/div>\t\t\t\t\t\t\t<\/div>\r\n\t\t\t\t\t\t<\/div>\r\n\t\t\t\t\t\r\n\t\t\t\t<\/div>\t\t\t<\/article>\r\n\r\n\t\t\t<article class=\"grve-blog-item grve-small-post grve-non-isotope-item post-16557 post type-post status-publish format-standard has-post-thumbnail hentry category-ia category-news-idees\" itemscope itemType=\"http:\/\/schema.org\/BlogPosting\">\r\n\t\t\t\t<div class=\"grve-blog-item-inner grve-isotope-item-inner\">\r\n\t\t\t\t\t\t\t\t\t\t\t\t\t<div class=\"grve-media\">\r\n\t\t\t<a class=\"grve-item-url\" href=\"https:\/\/congolobilelo.com\/pifonge\/intelligence-artificielle-exploitation-profits-capital-cloud\/\" aria-label=\"Intelligence artificielle, exploitation, profits &#038; Capital Cloud\"><\/a>\r\n\t\t\t<img loading=\"lazy\" decoding=\"async\" width=\"560\" height=\"420\" src=\"https:\/\/congolobilelo.com\/pifonge\/wp-content\/uploads\/2024\/11\/AI-560x420.jpg\" class=\"attachment-movedo-grve-small-rect-horizontal size-movedo-grve-small-rect-horizontal wp-post-image\" alt=\"\" srcset=\"https:\/\/congolobilelo.com\/pifonge\/wp-content\/uploads\/2024\/11\/AI-560x420.jpg 560w, https:\/\/congolobilelo.com\/pifonge\/wp-content\/uploads\/2024\/11\/AI-900x675.jpg 900w\" sizes=\"auto, (max-width: 560px) 100vw, 560px\" \/>\t\t\t<div class=\"grve-bg-black grve-hover-overlay grve-opacity-10\"><\/div>\r\n\t\t<\/div>\r\n\t\t\t\t\t\t<div class=\"grve-post-content-wrapper\">\r\n\t\t\t\t\t\t\t<div class=\"grve-post-content\">\r\n\t\t\t\t\t\t\t\t<div class=\"grve-post-header\">\r\n\t\t\t\t\t\t\t\t\t\t\t\t\t\t\t\t\t\t\t\t<span class=\"grve-hidden\">\r\n\t\t\t<span class=\"grve-structured-data entry-title\">Intelligence artificielle, exploitation, profits &#038; Capital Cloud<\/span>\r\n\t\t\t<span class=\"grve-structured-data\" itemprop=\"image\" itemscope itemtype=\"http:\/\/schema.org\/ImageObject\">\r\n\t\t\t   <span itemprop='url' >https:\/\/congolobilelo.com\/pifonge\/wp-content\/uploads\/2024\/11\/AI.jpg<\/span>\r\n\t\t\t   <span itemprop='height' >1200<\/span>\r\n\t\t\t   <span itemprop='width' >675<\/span>\r\n\t\t\t<\/span>\r\n\t\t\t\t\t\t<span class=\"grve-structured-data vcard author\" itemprop=\"author\" itemscope itemtype=\"http:\/\/schema.org\/Person\">\r\n\t\t\t\t<span itemprop=\"name\" class=\"fn\">#PIEcE<\/span>\r\n\t\t\t<\/span>\r\n\t\t\t<span class=\"grve-structured-data\" itemprop=\"publisher\" itemscope itemtype=\"http:\/\/schema.org\/Organization\">\r\n\t\t\t\t<span itemprop='name'>#PIEcE<\/span>\r\n\t\t\t\t<span itemprop='logo' itemscope itemtype='http:\/\/schema.org\/ImageObject'>\r\n\t\t\t\t\t<span itemprop='url'>https:\/\/secure.gravatar.com\/avatar\/d6d4a2f9619cfe49110b97f6ff4a57f0faddbff38f35fecf73e5423e148289e0?s=96&#038;d=mm&#038;r=g<\/span>\r\n\t\t\t\t<\/span>\r\n\t\t\t<\/span>\r\n\t\t\t\t\t\t<time class=\"grve-structured-data date published\" itemprop=\"datePublished\" datetime=\"2024-11-08T13:17:35+01:00\">8 novembre 2024<\/time>\r\n\t\t\t<time class=\"grve-structured-data date updated\" itemprop=\"dateModified\"  datetime=\"2025-07-30T19:16:14+02:00\">30 juillet 2025<\/time>\r\n\t\t\t<span class=\"grve-structured-data\" itemprop=\"mainEntityOfPage\" itemscope itemtype=\"http:\/\/schema.org\/WebPage\" itemid=\"https:\/\/congolobilelo.com\/pifonge\/intelligence-artificielle-exploitation-profits-capital-cloud\/\"><\/span>\r\n\t\t<\/span>\r\n\t\t\t\t\t\t\t\t\t\t\t\t\t\t\t\t\t\t\t\t<ul class=\"grve-post-meta\">\r\n\t\t\t\t\t\t\t\t\t\t<li class=\"grve-post-date\">\t<time class=\"\" datetime=\"2024-11-08T13:17:35+01:00\">\r\n\t\t8 novembre 2024\t<\/time>\r\n<\/li>\t\t\t\t\t\t\t\t\t\t<\/ul>\r\n\t\t\t\t\t\t\t\t\t\t\t\t\t\t\t\t\t\t\t\t\t\t\t\t\t\t\t<a href=\"https:\/\/congolobilelo.com\/pifonge\/intelligence-artificielle-exploitation-profits-capital-cloud\/\" rel=\"bookmark\"><h2 class=\"grve-post-title grve-post-title-hover grve-h2\" itemprop=\"headline\">Intelligence artificielle, exploitation, profits &#038; Capital Cloud<\/h2><\/a>\t\t\t\t\t\t\t\t<\/div>\r\n\t\t\t\t\t\t\t\t<div itemprop=\"articleBody\"><p>La num\u00e9risation de nos soci\u00e9t\u00e9s et \u00e9conomies ainsi que le d\u00e9veloppement de l&rsquo;intelligence artificielle ont un aspect plus ou moins inattendu. C\u2019est-\u00e0-dire qu\u2019au lieu de nous propulser dans une modernit\u00e9 qui nous permet de rattraper notre soi-disant \u00ab retard \u00bb (en tant qu\u2019africains), nous dirige vers le pass\u00e9 occidental, celui du f\u00e9odalisme et de l&rsquo;exploitation\u2026<\/p><\/div>\t\t\t\t\t\t\t<\/div>\r\n\t\t\t\t\t\t<\/div>\r\n\t\t\t\t\t\r\n\t\t\t\t<\/div>\t\t\t<\/article>\r\n\r\n\t\t\t<article class=\"grve-blog-item grve-small-post grve-non-isotope-item post-16468 post type-post status-publish format-standard has-post-thumbnail hentry category-societe category-ia category-news-idees\" itemscope itemType=\"http:\/\/schema.org\/BlogPosting\">\r\n\t\t\t\t<div class=\"grve-blog-item-inner grve-isotope-item-inner\">\r\n\t\t\t\t\t\t\t\t\t\t\t\t\t<div class=\"grve-media\">\r\n\t\t\t<a class=\"grve-item-url\" href=\"https:\/\/congolobilelo.com\/pifonge\/la-logique-comptable-et-le-langage-de-la-machine\/\" aria-label=\"La logique comptable et le langage de la machine\"><\/a>\r\n\t\t\t<img loading=\"lazy\" decoding=\"async\" width=\"560\" height=\"420\" src=\"https:\/\/congolobilelo.com\/pifonge\/wp-content\/uploads\/2024\/10\/1-1-Mouvement-560x420.jpg\" class=\"attachment-movedo-grve-small-rect-horizontal size-movedo-grve-small-rect-horizontal wp-post-image\" alt=\"\" srcset=\"https:\/\/congolobilelo.com\/pifonge\/wp-content\/uploads\/2024\/10\/1-1-Mouvement-560x420.jpg 560w, https:\/\/congolobilelo.com\/pifonge\/wp-content\/uploads\/2024\/10\/1-1-Mouvement-900x675.jpg 900w\" sizes=\"auto, (max-width: 560px) 100vw, 560px\" \/>\t\t\t<div class=\"grve-bg-black grve-hover-overlay grve-opacity-10\"><\/div>\r\n\t\t<\/div>\r\n\t\t\t\t\t\t<div class=\"grve-post-content-wrapper\">\r\n\t\t\t\t\t\t\t<div class=\"grve-post-content\">\r\n\t\t\t\t\t\t\t\t<div class=\"grve-post-header\">\r\n\t\t\t\t\t\t\t\t\t\t\t\t\t\t\t\t\t\t\t\t<span class=\"grve-hidden\">\r\n\t\t\t<span class=\"grve-structured-data entry-title\">La logique comptable et le langage de la machine<\/span>\r\n\t\t\t<span class=\"grve-structured-data\" itemprop=\"image\" itemscope itemtype=\"http:\/\/schema.org\/ImageObject\">\r\n\t\t\t   <span itemprop='url' >https:\/\/congolobilelo.com\/pifonge\/wp-content\/uploads\/2024\/10\/1-1-Mouvement.jpg<\/span>\r\n\t\t\t   <span itemprop='height' >1080<\/span>\r\n\t\t\t   <span itemprop='width' >1080<\/span>\r\n\t\t\t<\/span>\r\n\t\t\t\t\t\t<span class=\"grve-structured-data vcard author\" itemprop=\"author\" itemscope itemtype=\"http:\/\/schema.org\/Person\">\r\n\t\t\t\t<span itemprop=\"name\" class=\"fn\">#PIEcE<\/span>\r\n\t\t\t<\/span>\r\n\t\t\t<span class=\"grve-structured-data\" itemprop=\"publisher\" itemscope itemtype=\"http:\/\/schema.org\/Organization\">\r\n\t\t\t\t<span itemprop='name'>#PIEcE<\/span>\r\n\t\t\t\t<span itemprop='logo' itemscope itemtype='http:\/\/schema.org\/ImageObject'>\r\n\t\t\t\t\t<span itemprop='url'>https:\/\/secure.gravatar.com\/avatar\/d6d4a2f9619cfe49110b97f6ff4a57f0faddbff38f35fecf73e5423e148289e0?s=96&#038;d=mm&#038;r=g<\/span>\r\n\t\t\t\t<\/span>\r\n\t\t\t<\/span>\r\n\t\t\t\t\t\t<time class=\"grve-structured-data date published\" itemprop=\"datePublished\" datetime=\"2024-09-12T01:29:48+02:00\">12 septembre 2024<\/time>\r\n\t\t\t<time class=\"grve-structured-data date updated\" itemprop=\"dateModified\"  datetime=\"2025-07-30T19:17:13+02:00\">30 juillet 2025<\/time>\r\n\t\t\t<span class=\"grve-structured-data\" itemprop=\"mainEntityOfPage\" itemscope itemtype=\"http:\/\/schema.org\/WebPage\" itemid=\"https:\/\/congolobilelo.com\/pifonge\/la-logique-comptable-et-le-langage-de-la-machine\/\"><\/span>\r\n\t\t<\/span>\r\n\t\t\t\t\t\t\t\t\t\t\t\t\t\t\t\t\t\t\t\t<ul class=\"grve-post-meta\">\r\n\t\t\t\t\t\t\t\t\t\t<li class=\"grve-post-date\">\t<time class=\"\" datetime=\"2024-09-12T01:29:48+02:00\">\r\n\t\t12 septembre 2024\t<\/time>\r\n<\/li>\t\t\t\t\t\t\t\t\t\t<\/ul>\r\n\t\t\t\t\t\t\t\t\t\t\t\t\t\t\t\t\t\t\t\t\t\t\t\t\t\t\t<a href=\"https:\/\/congolobilelo.com\/pifonge\/la-logique-comptable-et-le-langage-de-la-machine\/\" rel=\"bookmark\"><h2 class=\"grve-post-title grve-post-title-hover grve-h2\" itemprop=\"headline\">La logique comptable et le langage de la machine<\/h2><\/a>\t\t\t\t\t\t\t\t<\/div>\r\n\t\t\t\t\t\t\t\t<div itemprop=\"articleBody\"><p>Pourquoi il y a-t-il de plus en plus de gens (et surtout des africains), qui deviennent d\u00e9pressifs, qui craquent ou se r\u00e9fugient dans toutes sortes d\u2019addiction ? Cela est li\u00e9 aux soci\u00e9t\u00e9s dites modernes dans lesquelles nous \u00e9voluons et qui poussent les individus \u00e0 toujours plus de conformit\u00e9 et de normalit\u00e9. Qu\u2019est-ce \u00e7a veut dire\u2026<\/p><\/div>\t\t\t\t\t\t\t<\/div>\r\n\t\t\t\t\t\t<\/div>\r\n\t\t\t\t\t\r\n\t\t\t\t<\/div>\t\t\t<\/article>\r\n\r\n\t\t\t<\/div>\r\n\t\t<\/div>\r\n[\/vc_column][\/vc_row]<\/p>\n<\/div>","protected":false},"excerpt":{"rendered":"<p>[vc_row heading_color=\u00a0\u00bblight\u00a0\u00bb section_full_height=\u00a0\u00bbfullheight\u00a0\u00bb bg_type=\u00a0\u00bbimage\u00a0\u00bb bg_image=\u00a0\u00bb16509&Prime; bg_image_type=\u00a0\u00bbhorizontal-parallax-lr\u00a0\u00bb bg_image_size=\u00a0\u00bbfull\u00a0\u00bb color_overlay=\u00a0\u00bbprimary-1&Prime; opacity_overlay=\u00a0\u00bb70&Prime; font_color=\u00a0\u00bb#ffffff\u00a0\u00bb][vc_column column_effect=\u00a0\u00bbmouse-move-x-y\u00a0\u00bb column_effect_invert=\u00a0\u00bbtrue\u00a0\u00bb width=\u00a0\u00bb1\/3&Prime;][vc_column_text css=\u00a0\u00bb\u00a0\u00bb text_style=\u00a0\u00bbleader-text\u00a0\u00bb animation=\u00a0\u00bbgrve-fade-in-up\u00a0\u00bb animation_delay=\u00a0\u00bb600&Prime;]\u00ab\u00a0Si nous nous contentons de reproduire les formes mat\u00e9rielles du progr\u00e8s technique, c\u2019est comme si nous dressons le d\u00e9cor d\u2019un th\u00e9\u00e2tre o\u00f9 nous ne jouerions que le r\u00f4le des figurants.\u00a0\u00bb &#8211; JKZ[\/vc_column_text][\/vc_column][vc_column width=\u00a0\u00bb2\/3&Prime;][\/vc_column][\/vc_row][vc_row][vc_column][\/vc_column][\/vc_row]<\/p>\n","protected":false},"author":1,"featured_media":0,"parent":0,"menu_order":0,"comment_status":"closed","ping_status":"closed","template":"","meta":{"content-type":"","footnotes":""},"class_list":["post-16673","page","type-page","status-publish","hentry"],"_links":{"self":[{"href":"https:\/\/congolobilelo.com\/pifonge\/wp-json\/wp\/v2\/pages\/16673","targetHints":{"allow":["GET"]}}],"collection":[{"href":"https:\/\/congolobilelo.com\/pifonge\/wp-json\/wp\/v2\/pages"}],"about":[{"href":"https:\/\/congolobilelo.com\/pifonge\/wp-json\/wp\/v2\/types\/page"}],"author":[{"embeddable":true,"href":"https:\/\/congolobilelo.com\/pifonge\/wp-json\/wp\/v2\/users\/1"}],"replies":[{"embeddable":true,"href":"https:\/\/congolobilelo.com\/pifonge\/wp-json\/wp\/v2\/comments?post=16673"}],"version-history":[{"count":4,"href":"https:\/\/congolobilelo.com\/pifonge\/wp-json\/wp\/v2\/pages\/16673\/revisions"}],"predecessor-version":[{"id":16703,"href":"https:\/\/congolobilelo.com\/pifonge\/wp-json\/wp\/v2\/pages\/16673\/revisions\/16703"}],"wp:attachment":[{"href":"https:\/\/congolobilelo.com\/pifonge\/wp-json\/wp\/v2\/media?parent=16673"}],"curies":[{"name":"wp","href":"https:\/\/api.w.org\/{rel}","templated":true}]}}