{"id":16615,"date":"2025-06-04T22:49:30","date_gmt":"2025-06-04T20:49:30","guid":{"rendered":"https:\/\/congolobilelo.com\/pifonge\/?page_id=16615"},"modified":"2026-01-08T20:35:31","modified_gmt":"2026-01-08T19:35:31","slug":"ci","status":"publish","type":"page","link":"https:\/\/congolobilelo.com\/pifonge\/ci\/","title":{"rendered":"Expertises"},"content":{"rendered":"<div class=\"wpb-content-wrapper\"><p>[vc_row heading_color=\u00a0\u00bblight\u00a0\u00bb section_full_height=\u00a0\u00bbfullheight\u00a0\u00bb bg_type=\u00a0\u00bbimage\u00a0\u00bb bg_image=\u00a0\u00bb16624&Prime; bg_image_type=\u00a0\u00bbhorizontal-parallax-lr\u00a0\u00bb bg_image_size=\u00a0\u00bbfull\u00a0\u00bb color_overlay=\u00a0\u00bbprimary-1&Prime; opacity_overlay=\u00a0\u00bb70&Prime; font_color=\u00a0\u00bb#ffffff\u00a0\u00bb][vc_column column_effect=\u00a0\u00bbmouse-move-x-y\u00a0\u00bb column_effect_invert=\u00a0\u00bbtrue\u00a0\u00bb width=\u00a0\u00bb1\/2&Prime;]<div class=\"grve-empty-space grve-height-3x\" style=\"\"><\/div><div class=\"grve-empty-space grve-height-3x\" style=\"\"><\/div><h1 class=\"grve-element grve-title grve-align-left grve-animated-item grve-duration-normal grve-fade-in-left grve-h1 grve-increase-heading grve-heading-120\" style=\"margin-bottom: 0px;\" data-delay=\"200\"><span>Expertises<\/span><\/h1>[vc_column_text css=\u00a0\u00bb\u00a0\u00bb text_style=\u00a0\u00bbleader-text\u00a0\u00bb animation=\u00a0\u00bbgrve-fade-in-up\u00a0\u00bb animation_delay=\u00a0\u00bb600&Prime;]<em>\u00ab\u00a0S\u2019il y a une bataille \u00e0 mener, c\u2019est la bataille des id\u00e9es. C\u2019est nous les soldats de cette bataille. Et nous avons besoin d\u2019id\u00e9es nouvelles, partag\u00e9es. Tout cela est \u00e0 construire \u00e0 la lumi\u00e8re de nos r\u00e9alit\u00e9s telles qu\u2019elles sont en train de se d\u00e9rouler aujourd\u2019hui, ici et l\u00e0-bas&#8230;\u00a0\u00bb<\/em><br \/>\n\u2013 Aminata Dramane Traor\u00e9[\/vc_column_text]<div class=\"grve-empty-space grve-height-2x\" style=\"\"><\/div>[\/vc_column][vc_column width=\u00a0\u00bb1\/2&Prime;][\/vc_column][\/vc_row][vc_row section_type=\u00a0\u00bbfullwidth\u00a0\u00bb padding_top_multiplier=\u00a0\u00bb\u00a0\u00bb padding_bottom_multiplier=\u00a0\u00bb\u00a0\u00bb columns_gap=\u00a0\u00bbnone\u00a0\u00bb equal_column_height=\u00a0\u00bbmiddle-content\u00a0\u00bb][vc_column width=\u00a0\u00bb1\/2&Prime; css=\u00a0\u00bb.vc_custom_1749070131571{background-image: url(http:\/\/congolobilelo.com\/pifonge\/wp-content\/uploads\/2025\/06\/AndreeBlouin-scaled.jpg?id=16616) !important;background-position: center !important;background-repeat: no-repeat !important;background-size: cover !important;}\u00a0\u00bb][\/vc_column][vc_column column_effect=\u00a0\u00bbmouse-move-x-y\u00a0\u00bb column_effect_limit=\u00a0\u00bb2x\u00a0\u00bb column_effect_invert=\u00a0\u00bbtrue\u00a0\u00bb width=\u00a0\u00bb1\/2&Prime; css=\u00a0\u00bb.vc_custom_1472576212808{padding-top: 27% !important;padding-right: 19% !important;padding-bottom: 27% !important;padding-left: 19% !important;}\u00a0\u00bb]<h2 class=\"grve-element grve-title grve-align-left grve-animated-item grve-duration-normal grve-fade-in-right grve-h1\" style=\"\" data-delay=\"200\"><span>Paix &amp; s\u00e9curit\u00e9, d\u00e9veloppement et droits de l\u2019homme<span class=\"grve-title-line grve-bg-primary-1\" style=\"width: 50px;height: 2px;\"><\/span><\/span><\/h2>[vc_column_text css=\u00a0\u00bb\u00a0\u00bb animation=\u00a0\u00bbgrve-fade-in-right\u00a0\u00bb animation_delay=\u00a0\u00bb600&Prime;]Ouvert sur le monde, impliqu\u00e9 politiquement et socialement, et ambitieux pour les Congolais et les africains, form\u00e9 sur les relations internationales (sciences \u00e9conomiques, management interculturel et communication internationale), j\u2019ai acquis des solides connaissances et d\u00e9velopp\u00e9 des solides exp\u00e9riences dans les domaines de la paix et de la s\u00e9curit\u00e9, des droits de l\u2019homme et du d\u00e9veloppement en Afrique et au niveau mondial.<\/p>\n<p>Que soit au sein du syst\u00e8me des Nations Unies, \u00e0 travers les think-tanks panafricains (Thinking Africa et CERECK) ou via le mouvement civico-\u00e9cologique Likambo Ya Mabele, il s\u2019agit, au travers de mes activit\u00e9s, de participer \u00e0 \u00ab r\u00e9inventer le futur \u00bb en d\u00e9veloppant les capacit\u00e9s des soci\u00e9t\u00e9s civiles, communaut\u00e9s et Etats, en contribuant \u00e0 renforcer la r\u00e9silience des populations, et en am\u00e9liorant l\u2019efficacit\u00e9, la pertinence et la performance des organisations internationales.[\/vc_column_text]<div class=\"grve-element grve-divider grve-animated-item grve-fade-in-right grve-duration-normal grve-align-left\" style=\"padding-top: 30px;\" data-delay=\"800\"><span class=\"grve-custom-divider grve-bg-primary-1\" style=\"width: 100px;height: 5px;\"><\/span><\/div>[\/vc_column][\/vc_row][vc_row section_type=\u00a0\u00bbfullwidth\u00a0\u00bb padding_top_multiplier=\u00a0\u00bb\u00a0\u00bb padding_bottom_multiplier=\u00a0\u00bb\u00a0\u00bb columns_gap=\u00a0\u00bbnone\u00a0\u00bb equal_column_height=\u00a0\u00bbmiddle-content\u00a0\u00bb][vc_column column_effect=\u00a0\u00bbmouse-move-x-y\u00a0\u00bb column_effect_limit=\u00a0\u00bb2x\u00a0\u00bb column_effect_invert=\u00a0\u00bbtrue\u00a0\u00bb width=\u00a0\u00bb1\/2&Prime; css=\u00a0\u00bb.vc_custom_1472576212808{padding-top: 27% !important;padding-right: 19% !important;padding-bottom: 27% !important;padding-left: 19% !important;}\u00a0\u00bb]<h2 class=\"grve-element grve-title grve-align-left grve-animated-item grve-duration-normal grve-fade-in-left grve-h1\" style=\"\" data-delay=\"200\"><span>M\u00e9dias, id\u00e9es &amp; informations<span class=\"grve-title-line grve-bg-primary-1\" style=\"width: 50px;height: 2px;\"><\/span><\/span><\/h2>[vc_column_text css=\u00a0\u00bb\u00a0\u00bb animation=\u00a0\u00bbgrve-fade-in-left\u00a0\u00bb animation_delay=\u00a0\u00bb600&Prime;]Passionn\u00e9 par les m\u00e9dias, l\u2019information et les id\u00e9es mais aussi par leur diffusion et impact, je produis des articles et des revues depuis que je suis \u00e9tudiant. Editeur, \u00e9ditorialiste et analyste, j\u2019ai initi\u00e9 une plateforme d\u2019\u00e9ditions qui non seulement publie des livres, sites web et magazines mais surtout aide \u00e0 organiser la bataille des id\u00e9es, interpeller sur les enjeux qui concernent, impacter nos r\u00e9alit\u00e9s et inventer notre devenir commun.<\/p>\n<p>Que les publications soient nomm\u00e9es pour un prix, qu\u2019elles se classent num\u00e9ro 1 des ventes sur Amazon, ou qu\u2019elles soient \u00e9tudi\u00e9es dans les universitaires, comme c\u2019est le cas, pour certaines d\u2019entre elles, le sens de mes publications vient toujours de demain.<br \/>\n[\/vc_column_text]<div class=\"grve-element grve-divider grve-animated-item grve-fade-in-left grve-duration-normal grve-align-left\" style=\"padding-top: 30px;\" data-delay=\"800\"><span class=\"grve-custom-divider grve-bg-primary-1\" style=\"width: 100px;height: 5px;\"><\/span><\/div>[\/vc_column][vc_column width=\u00a0\u00bb1\/2&Prime; css=\u00a0\u00bb.vc_custom_1749070380386{background-image: url(http:\/\/congolobilelo.com\/pifonge\/wp-content\/uploads\/2024\/10\/CLL-livres3-rotated.jpeg?id=16531) !important;background-position: center !important;background-repeat: no-repeat !important;background-size: cover !important;}\u00a0\u00bb][\/vc_column][\/vc_row][vc_row section_type=\u00a0\u00bbfullwidth\u00a0\u00bb padding_top_multiplier=\u00a0\u00bb\u00a0\u00bb padding_bottom_multiplier=\u00a0\u00bb\u00a0\u00bb columns_gap=\u00a0\u00bbnone\u00a0\u00bb equal_column_height=\u00a0\u00bbmiddle-content\u00a0\u00bb][vc_column width=\u00a0\u00bb1\/2&Prime; css=\u00a0\u00bb.vc_custom_1749071235618{background-image: url(http:\/\/congolobilelo.com\/pifonge\/wp-content\/uploads\/2024\/10\/Banniere-CCAB-2.jpg?id=16548) !important;background-position: center !important;background-repeat: no-repeat !important;background-size: cover !important;}\u00a0\u00bb][\/vc_column][vc_column column_effect=\u00a0\u00bbmouse-move-x-y\u00a0\u00bb column_effect_limit=\u00a0\u00bb2x\u00a0\u00bb column_effect_invert=\u00a0\u00bbtrue\u00a0\u00bb width=\u00a0\u00bb1\/2&Prime; css=\u00a0\u00bb.vc_custom_1472576212808{padding-top: 27% !important;padding-right: 19% !important;padding-bottom: 27% !important;padding-left: 19% !important;}\u00a0\u00bb]<h2 class=\"grve-element grve-title grve-align-left grve-animated-item grve-duration-normal grve-fade-in-right grve-h1\" style=\"\" data-delay=\"200\"><span>Congo &amp; Afrique<span class=\"grve-title-line grve-bg-primary-1\" style=\"width: 50px;height: 2px;\"><\/span><\/span><\/h2>[vc_column_text css=\u00a0\u00bb\u00a0\u00bb animation=\u00a0\u00bbgrve-fade-in-right\u00a0\u00bb animation_delay=\u00a0\u00bb600&Prime;]Contribuer \u00e0 la r\u00e9invention du Congo et de l&rsquo;Afrique \u00e0 travers les savoirs, les exp\u00e9riences et les id\u00e9es partag\u00e9s. Telle est mon ambition, exprim\u00e9e et d\u00e9velopp\u00e9e \u00e0 travers notamment le mouvement Likambo Ya Mabele, le think-tank Thinking Africa que j\u2019ai co-fond\u00e9, mais aussi le centre de recherche sur le Congo-Kinshasa (CERECK) que je m\u2019attache \u00e0 r\u00e9inventer ainsi que le centre culturel Andr\u00e9e Blouin pour lequel je facilite le d\u00e9veloppement.<\/p>\n<p>Formation des leaders, soutien \u00e0 la cr\u00e9ation et \u00e0 la cr\u00e9ativit\u00e9, production et organisation de conf\u00e9rences, colloques et d\u00e9bats publiques, animations d\u2019ateliers, gestion de projets et de programmes, d\u00e9veloppement de plateformes et d\u2019\u00e9cosyst\u00e8mes gagnant-gagnant : je fais ma part, parce que \u00ab chaque Africaine, chaque Africain doit \u00eatre, ici et maintenant, une valeur ajout\u00e9e. Chaque g\u00e9n\u00e9ration a des pyramides \u00e0 b\u00e2tir. \u00bb[\/vc_column_text]<div class=\"grve-element grve-divider grve-animated-item grve-fade-in-right grve-duration-normal grve-align-left\" style=\"padding-top: 30px;\" data-delay=\"800\"><span class=\"grve-custom-divider grve-bg-primary-1\" style=\"width: 100px;height: 5px;\"><\/span><\/div>[\/vc_column][\/vc_row][vc_row section_type=\u00a0\u00bbfullwidth\u00a0\u00bb padding_top_multiplier=\u00a0\u00bb\u00a0\u00bb padding_bottom_multiplier=\u00a0\u00bb\u00a0\u00bb columns_gap=\u00a0\u00bbnone\u00a0\u00bb equal_column_height=\u00a0\u00bbmiddle-content\u00a0\u00bb][vc_column column_effect=\u00a0\u00bbmouse-move-x-y\u00a0\u00bb column_effect_limit=\u00a0\u00bb2x\u00a0\u00bb column_effect_invert=\u00a0\u00bbtrue\u00a0\u00bb width=\u00a0\u00bb1\/2&Prime; css=\u00a0\u00bb.vc_custom_1472576212808{padding-top: 27% !important;padding-right: 19% !important;padding-bottom: 27% !important;padding-left: 19% !important;}\u00a0\u00bb]<h2 class=\"grve-element grve-title grve-align-left grve-animated-item grve-duration-normal grve-fade-in-left grve-h1\" style=\"\" data-delay=\"200\"><span>Nouvelles technologies et IA<span class=\"grve-title-line grve-bg-primary-1\" style=\"width: 50px;height: 2px;\"><\/span><\/span><\/h2>[vc_column_text css=\u00a0\u00bb\u00a0\u00bb animation=\u00a0\u00bbgrve-fade-in-left\u00a0\u00bb animation_delay=\u00a0\u00bb600&Prime;]A l\u2019affut de nouvelles technologies, j\u2019\u00e9volue dans le monde digital depuis la fin des ann\u00e9es 1990 et d\u00e9veloppe des sites internet professionnels depuis le d\u00e9but des ann\u00e9es 2000. Mon int\u00e9r\u00eat aujourd\u2019hui porte essentiellement sur la num\u00e9risation des soci\u00e9t\u00e9s et \u00e9conomies, africaines particuli\u00e8rement, ainsi que le d\u00e9veloppement de l&rsquo;intelligence artificielle et ses implications soci\u00e9tales et politiques.<\/p>\n<p>C\u2019est dans cette perspective, que je contribue au d\u00e9veloppement de l\u2019observatoire Beyond AI Watch, une plateforme de r\u00e9flexion, discussion et de collaboration autour des d\u00e9fis de la confiance, de la responsabilit\u00e9 et de la gouvernance de l&rsquo;AI en Afrique.<br \/>\n[\/vc_column_text]<div class=\"grve-element grve-divider grve-animated-item grve-fade-in-left grve-duration-normal grve-align-left\" style=\"padding-top: 30px;\" data-delay=\"800\"><span class=\"grve-custom-divider grve-bg-primary-1\" style=\"width: 100px;height: 5px;\"><\/span><\/div>[\/vc_column][vc_column width=\u00a0\u00bb1\/2&Prime; css=\u00a0\u00bb.vc_custom_1749071184708{background-image: url(http:\/\/congolobilelo.com\/pifonge\/wp-content\/uploads\/2025\/06\/WBAI2.jpg?id=16622) !important;background-position: center !important;background-repeat: no-repeat !important;background-size: cover !important;}\u00a0\u00bb][\/vc_column][\/vc_row][vc_row section_type=\u00a0\u00bbfullwidth\u00a0\u00bb padding_top_multiplier=\u00a0\u00bb\u00a0\u00bb padding_bottom_multiplier=\u00a0\u00bb\u00a0\u00bb columns_gap=\u00a0\u00bbnone\u00a0\u00bb equal_column_height=\u00a0\u00bbmiddle-content\u00a0\u00bb][vc_column width=\u00a0\u00bb1\/2&Prime; css=\u00a0\u00bb.vc_custom_1749072520678{background-image: url(http:\/\/congolobilelo.com\/pifonge\/wp-content\/uploads\/2025\/06\/JamelShabazz.jpg?id=16627) !important;background-position: center !important;background-repeat: no-repeat !important;background-size: cover !important;}\u00a0\u00bb][\/vc_column][vc_column column_effect=\u00a0\u00bbmouse-move-x-y\u00a0\u00bb column_effect_limit=\u00a0\u00bb2x\u00a0\u00bb column_effect_invert=\u00a0\u00bbtrue\u00a0\u00bb width=\u00a0\u00bb1\/2&Prime; css=\u00a0\u00bb.vc_custom_1472576212808{padding-top: 27% !important;padding-right: 19% !important;padding-bottom: 27% !important;padding-left: 19% !important;}\u00a0\u00bb]<h2 class=\"grve-element grve-title grve-align-left grve-animated-item grve-duration-normal grve-fade-in-right grve-h1\" style=\"\" data-delay=\"200\"><span>Culture HipHop<span class=\"grve-title-line grve-bg-primary-1\" style=\"width: 50px;height: 2px;\"><\/span><\/span><\/h2>[vc_column_text css=\u00a0\u00bb\u00a0\u00bb animation=\u00a0\u00bbgrve-fade-in-right\u00a0\u00bb animation_delay=\u00a0\u00bb600&Prime;]Acteur, architecte, passionn\u00e9 de la culture HipHop, je m\u2019attache \u00e0 pr\u00e9server, d\u00e9velopper, partager et r\u00e9inventer cette culture. Et cela, \u00e0 travers la structure HipHop Survivors, dont je suis l\u2019un des co-fondateurs, mais aussi \u00e0 travers les plateformes m\u00e9dias comme Forum HipHop et la Voix HipHop.<\/p>\n<p>Co-fondateur du premier fanzine sur la culture HipHop dans les Hauts de France, cr\u00e9ateur d\u2019une des plateformes num\u00e9riques HipHop les plus reconnues et respect\u00e9es par les sp\u00e9cialistes, et \u00e9diteur d\u2019une revue gratuite bimestrielle tirant \u00e0 10000 exemplaires, il s\u2019agit d\u2019infrastructurer cette culture.[\/vc_column_text]<div class=\"grve-element grve-divider grve-animated-item grve-fade-in-right grve-duration-normal grve-align-left\" style=\"padding-top: 30px;\" data-delay=\"800\"><span class=\"grve-custom-divider grve-bg-primary-1\" style=\"width: 100px;height: 5px;\"><\/span><\/div>[\/vc_column][\/vc_row][vc_row heading_color=\u00a0\u00bblight\u00a0\u00bb bg_type=\u00a0\u00bbcolor\u00a0\u00bb padding_top_multiplier=\u00a0\u00bb2x\u00a0\u00bb padding_bottom_multiplier=\u00a0\u00bb2x\u00a0\u00bb bg_color=\u00a0\u00bb#0080FF\u00a0\u00bb font_color=\u00a0\u00bb#ffffff\u00a0\u00bb][vc_column column_effect=\u00a0\u00bbvertical-parallax\u00a0\u00bb column_effect_limit=\u00a0\u00bb3x\u00a0\u00bb column_effect_invert=\u00a0\u00bbtrue\u00a0\u00bb]<h3 class=\"grve-element grve-title grve-align-center grve-h1 grve-custom-font-1 grve-increase-heading grve-heading-120\" style=\"\"><span>\u00ab\u00a0Ce qu\u2019il y a lieu de faire aujourd\u2019hui ne doit pas nous \u00eatre dict\u00e9 par ce qu\u2019on consid\u00e8re \u00eatre le pass\u00e9 mais doit nous \u00eatre dict\u00e9 par l\u2019avenir que nous avons \u00e0 faire.\u00a0\u00bb<br \/>\n&#8211; Souleymane Bachir Diagne<\/span><\/h3>[\/vc_column][\/vc_row]<\/p>\n<\/div>","protected":false},"excerpt":{"rendered":"<p>[vc_row heading_color=\u00a0\u00bblight\u00a0\u00bb section_full_height=\u00a0\u00bbfullheight\u00a0\u00bb bg_type=\u00a0\u00bbimage\u00a0\u00bb bg_image=\u00a0\u00bb16624&Prime; bg_image_type=\u00a0\u00bbhorizontal-parallax-lr\u00a0\u00bb bg_image_size=\u00a0\u00bbfull\u00a0\u00bb color_overlay=\u00a0\u00bbprimary-1&Prime; opacity_overlay=\u00a0\u00bb70&Prime; font_color=\u00a0\u00bb#ffffff\u00a0\u00bb][vc_column column_effect=\u00a0\u00bbmouse-move-x-y\u00a0\u00bb column_effect_invert=\u00a0\u00bbtrue\u00a0\u00bb width=\u00a0\u00bb1\/2&Prime;][vc_column_text css=\u00a0\u00bb\u00a0\u00bb text_style=\u00a0\u00bbleader-text\u00a0\u00bb animation=\u00a0\u00bbgrve-fade-in-up\u00a0\u00bb animation_delay=\u00a0\u00bb600&Prime;]\u00ab\u00a0S\u2019il y a une bataille \u00e0 mener, c\u2019est la bataille des id\u00e9es. C\u2019est nous les soldats de cette bataille. Et nous avons besoin d\u2019id\u00e9es nouvelles, partag\u00e9es. Tout cela est \u00e0 construire \u00e0 la lumi\u00e8re de nos r\u00e9alit\u00e9s telles qu\u2019elles [&hellip;]<\/p>\n","protected":false},"author":1,"featured_media":0,"parent":0,"menu_order":0,"comment_status":"closed","ping_status":"closed","template":"","meta":{"content-type":"","footnotes":""},"class_list":["post-16615","page","type-page","status-publish","hentry"],"_links":{"self":[{"href":"https:\/\/congolobilelo.com\/pifonge\/wp-json\/wp\/v2\/pages\/16615","targetHints":{"allow":["GET"]}}],"collection":[{"href":"https:\/\/congolobilelo.com\/pifonge\/wp-json\/wp\/v2\/pages"}],"about":[{"href":"https:\/\/congolobilelo.com\/pifonge\/wp-json\/wp\/v2\/types\/page"}],"author":[{"embeddable":true,"href":"https:\/\/congolobilelo.com\/pifonge\/wp-json\/wp\/v2\/users\/1"}],"replies":[{"embeddable":true,"href":"https:\/\/congolobilelo.com\/pifonge\/wp-json\/wp\/v2\/comments?post=16615"}],"version-history":[{"count":8,"href":"https:\/\/congolobilelo.com\/pifonge\/wp-json\/wp\/v2\/pages\/16615\/revisions"}],"predecessor-version":[{"id":16830,"href":"https:\/\/congolobilelo.com\/pifonge\/wp-json\/wp\/v2\/pages\/16615\/revisions\/16830"}],"wp:attachment":[{"href":"https:\/\/congolobilelo.com\/pifonge\/wp-json\/wp\/v2\/media?parent=16615"}],"curies":[{"name":"wp","href":"https:\/\/api.w.org\/{rel}","templated":true}]}}