{"id":16648,"date":"2024-11-14T22:59:48","date_gmt":"2024-11-14T21:59:48","guid":{"rendered":"https:\/\/congolobilelo.com\/IN\/?page_id=16648"},"modified":"2024-11-22T10:17:09","modified_gmt":"2024-11-22T09:17:09","slug":"pi","status":"publish","type":"page","link":"https:\/\/congolobilelo.com\/IN\/pi\/","title":{"rendered":"Ingeta"},"content":{"rendered":"<div class=\"wpb-content-wrapper\"><p>[vc_row heading_color=&#8221;light&#8221; bg_type=&#8221;image&#8221; bg_image=&#8221;16587&#8243; bg_image_type=&#8221;horizontal-parallax-lr&#8221; bg_image_size=&#8221;full&#8221; color_overlay=&#8221;dark&#8221; font_color=&#8221;#ffffff&#8221; min_height=&#8221;200&#8243;][vc_column column_effect=&#8221;mouse-move-x-y&#8221; column_effect_invert=&#8221;true&#8221; width=&#8221;1\/2&#8243;]<div class=\"grve-empty-space grve-height-3x\" style=\"\"><\/div><h1 class=\"grve-element grve-title grve-align-left grve-animated-item grve-duration-normal grve-fade-in-left grve-h1 grve-increase-heading grve-heading-300\" style=\"margin-bottom: 0px;\" data-delay=\"200\"><span>Ingeta<\/span><\/h1>[vc_column_text css=&#8221;&#8221; text_style=&#8221;leader-text&#8221; animation=&#8221;grve-fade-in-up&#8221; animation_delay=&#8221;600&#8243;]Nous produisons et proposons des id\u00e9es et des ressources pour r\u00e9inventer le Congo.[\/vc_column_text]<div class=\"grve-empty-space grve-height-2x\" style=\"\"><\/div><div class=\"grve-element grve-box-icon grve-small grve-side-icon grve-align-left grve-animated-item grve-fade-in-up grve-duration-normal grve-with-shape\" style=\"\" data-delay=\"1000\"><a href=\"https:\/\/congolobilelo.com\/IN\/livre\/\" title=\"#Ingeta\" target=\"_blank\" rel=\"noopener noreferrer\"><div class=\"grve-wrapper-icon grve-simple grve-circle grve-bg-primary-1\" style=\"\"><i class=\"grve-text-white smp-icon-arrow-right-circle\"><\/i><\/div><div class=\"grve-box-content\"><div class=\"grve-box-title-wrapper\"><h3 class=\"grve-box-title grve-h5\">Notre livre<\/h3><\/div><\/div><\/a><\/div><div class=\"grve-empty-space grve-height-2x\" style=\"\"><\/div>[\/vc_column][vc_column width=&#8221;1\/2&#8243;][\/vc_column][\/vc_row][vc_row section_type=&#8221;fullwidth&#8221; padding_top_multiplier=&#8221;&#8221; padding_bottom_multiplier=&#8221;&#8221; columns_gap=&#8221;none&#8221;][vc_column]<div class=\"grve-element grve-image-text grve-animated-item grve-fade-in-up grve-duration-normal grve-layout-1 grve-align-left\" style=\"\" data-delay=\"200\"><div class=\"grve-image grve-position-left\"><img loading=\"lazy\" decoding=\"async\" width=\"2560\" height=\"1811\" src=\"https:\/\/congolobilelo.com\/IN\/wp-content\/uploads\/2024\/11\/Flyers-V2-Ingeta9-scaled.jpg\" class=\"attachment-full size-full\" alt=\"\" srcset=\"https:\/\/congolobilelo.com\/IN\/wp-content\/uploads\/2024\/11\/Flyers-V2-Ingeta9-scaled.jpg 2560w, https:\/\/congolobilelo.com\/IN\/wp-content\/uploads\/2024\/11\/Flyers-V2-Ingeta9-300x212.jpg 300w, https:\/\/congolobilelo.com\/IN\/wp-content\/uploads\/2024\/11\/Flyers-V2-Ingeta9-1024x724.jpg 1024w, https:\/\/congolobilelo.com\/IN\/wp-content\/uploads\/2024\/11\/Flyers-V2-Ingeta9-768x543.jpg 768w, https:\/\/congolobilelo.com\/IN\/wp-content\/uploads\/2024\/11\/Flyers-V2-Ingeta9-1536x1086.jpg 1536w, https:\/\/congolobilelo.com\/IN\/wp-content\/uploads\/2024\/11\/Flyers-V2-Ingeta9-1920x1358.jpg 1920w\" sizes=\"auto, (max-width: 2560px) 100vw, 2560px\" \/><\/div>  <div class=\"grve-content grve-position-right grve-align-left\"><h3 class=\"grve-title grve-heading-color grve-h3\">01. QUI NOUS SOMMES<\/h3>  <p class=\"grve-description\">Initi\u00e9 par un groupe d\u2019activistes congolais r\u00e9partis dans le monde (Congo, Canada, USA, France, Belgique, Royaume-Uni) en 2011, Ingeta.com est une plateforme multim\u00e9dia d\u2019information, de d\u00e9veloppement et de collaboration pour et autour du mouvement de la lib\u00e9ration et de la r\u00e9invention du Congo-Kinshasa (R\u00e9publique d\u00e9mocratique du Congo).<\/p>\n<p>Plus qu\u2019un site internet, Ingeta.com est le rendez-vous et l\u2019\u00e9cho de toutes les \u00e9nergies autour de l\u2019objectif que partagent les congolais de la g\u00e9n\u00e9ration Ingeta: la lib\u00e9ration, la refondation et la r\u00e9invention du Congo-Kinshasa.<\/p>  <\/div><\/div><div class=\"grve-element grve-image-text grve-animated-item grve-fade-in-up grve-duration-normal grve-layout-1 grve-align-right\" style=\"\" data-delay=\"300\"><div class=\"grve-image grve-position-right\"><img loading=\"lazy\" decoding=\"async\" width=\"2560\" height=\"1811\" src=\"https:\/\/congolobilelo.com\/IN\/wp-content\/uploads\/2024\/11\/Flyers-V2-Ingeta12-scaled.jpg\" class=\"attachment-full size-full\" alt=\"\" srcset=\"https:\/\/congolobilelo.com\/IN\/wp-content\/uploads\/2024\/11\/Flyers-V2-Ingeta12-scaled.jpg 2560w, https:\/\/congolobilelo.com\/IN\/wp-content\/uploads\/2024\/11\/Flyers-V2-Ingeta12-300x212.jpg 300w, https:\/\/congolobilelo.com\/IN\/wp-content\/uploads\/2024\/11\/Flyers-V2-Ingeta12-1024x724.jpg 1024w, https:\/\/congolobilelo.com\/IN\/wp-content\/uploads\/2024\/11\/Flyers-V2-Ingeta12-768x543.jpg 768w, https:\/\/congolobilelo.com\/IN\/wp-content\/uploads\/2024\/11\/Flyers-V2-Ingeta12-1536x1086.jpg 1536w, https:\/\/congolobilelo.com\/IN\/wp-content\/uploads\/2024\/11\/Flyers-V2-Ingeta12-1920x1358.jpg 1920w\" sizes=\"auto, (max-width: 2560px) 100vw, 2560px\" \/><\/div>  <div class=\"grve-content grve-position-left grve-align-left\"><h3 class=\"grve-title grve-heading-color grve-h3\">02. CE QUE NOUS FAISONS<\/h3>  <p class=\"grve-description\">Ingeta.com propose des informations, id\u00e9es et ressources pour r\u00e9inventer le Congo.<\/p>\n<p>Projet de mouvement Likambo Ya Mabele, Ingeta.com a une triple ambition: Informer. Inspirer. Impacter.<\/p>\n<p>Notre travail consiste \u00e0 :<br \/>\n\u2013 D\u00e9velopper un laboratoire d\u2019id\u00e9es sur le pass\u00e9, pr\u00e9sent et futur du Congo-Kinshasa.<\/p>\n<p>\u2013 Proposer un lieu unique de d\u00e9cryptage, de discussion et de diffusion des r\u00e9alit\u00e9s et perspectives du Congo-Kinshasa.<\/p>\n<p>\u2013 Aiguiser l\u2019esprit critique et vulgariser les informations sur les enjeux du Congo, \u00e0 travers une vari\u00e9t\u00e9 de supports et de contenus (analyses, entretiens, vid\u00e9os, verbatims, campagnes, livres, journal).<\/p>  <\/div><\/div><div class=\"grve-element grve-image-text grve-animated-item grve-fade-in-up grve-duration-normal grve-layout-1 grve-align-left\" style=\"\" data-delay=\"200\"><div class=\"grve-image grve-position-left\"><img loading=\"lazy\" decoding=\"async\" width=\"960\" height=\"678\" src=\"https:\/\/congolobilelo.com\/IN\/wp-content\/uploads\/2024\/11\/Restaurer-la-dignite.jpg\" class=\"attachment-full size-full\" alt=\"\" srcset=\"https:\/\/congolobilelo.com\/IN\/wp-content\/uploads\/2024\/11\/Restaurer-la-dignite.jpg 960w, https:\/\/congolobilelo.com\/IN\/wp-content\/uploads\/2024\/11\/Restaurer-la-dignite-300x212.jpg 300w, https:\/\/congolobilelo.com\/IN\/wp-content\/uploads\/2024\/11\/Restaurer-la-dignite-768x542.jpg 768w\" sizes=\"auto, (max-width: 960px) 100vw, 960px\" \/><\/div>  <div class=\"grve-content grve-position-right grve-align-left\"><h3 class=\"grve-title grve-heading-color grve-h3\">03. CE QUE SIGNIFIE INGETA<\/h3>  <p class=\"grve-description\">Ingeta signifie \u00ab qu\u2019il en soit ainsi \u00bb en Kikongo, une des 4 langues nationales du Congo-Kinshasa.<\/p>\n<p>Ingeta est une expression mobilisatrice avec une dimension proph\u00e9tique.<\/p>\n<p>Ingeta, c\u2019est aujourd\u2019hui, le cri de ralliement de tous les congolais et amis du Congo qui s\u2019engagent dans le long chemin de la lib\u00e9ration de la R\u00e9publique D\u00e9mocratique du Congo.<\/p>  <\/div><\/div>[\/vc_column][\/vc_row][vc_row heading_color=&#8221;light&#8221; bg_type=&#8221;color&#8221; padding_top_multiplier=&#8221;5x&#8221; padding_bottom_multiplier=&#8221;5x&#8221; bg_color=&#8221;#1c1f21&#8243; font_color=&#8221;#ffffff&#8221;][vc_column column_effect=&#8221;vertical-parallax&#8221; column_effect_limit=&#8221;3x&#8221; column_effect_invert=&#8221;true&#8221;]<h3 class=\"grve-element grve-title grve-align-center grve-h1 grve-custom-font-1 grve-increase-heading grve-heading-140\" style=\"\"><span>&#8220;Nous avons le devoir d\u2019opposer notre intelligence \u00e0 l\u2019intelligence des autres.&#8221;<br \/>\n<span style=\"color: #0080ff;\">&#8211; Jean-Pierre Mbelu<\/span><\/span><\/h3>[\/vc_column][\/vc_row]<\/p>\n<\/div>","protected":false},"excerpt":{"rendered":"<p>[vc_row heading_color=&#8221;light&#8221; bg_type=&#8221;image&#8221; bg_image=&#8221;16587&#8243; bg_image_type=&#8221;horizontal-parallax-lr&#8221; bg_image_size=&#8221;full&#8221; color_overlay=&#8221;dark&#8221; font_color=&#8221;#ffffff&#8221; min_height=&#8221;200&#8243;][vc_column column_effect=&#8221;mouse-move-x-y&#8221; column_effect_invert=&#8221;true&#8221; width=&#8221;1\/2&#8243;][vc_column_text css=&#8221;&#8221; text_style=&#8221;leader-text&#8221; animation=&#8221;grve-fade-in-up&#8221; animation_delay=&#8221;600&#8243;]Nous produisons et proposons des id\u00e9es et des ressources pour r\u00e9inventer le Congo.[\/vc_column_text][\/vc_column][vc_column width=&#8221;1\/2&#8243;][\/vc_column][\/vc_row][vc_row section_type=&#8221;fullwidth&#8221; padding_top_multiplier=&#8221;&#8221; padding_bottom_multiplier=&#8221;&#8221; columns_gap=&#8221;none&#8221;][vc_column][\/vc_column][\/vc_row][vc_row heading_color=&#8221;light&#8221; bg_type=&#8221;color&#8221; padding_top_multiplier=&#8221;5x&#8221; padding_bottom_multiplier=&#8221;5x&#8221; bg_color=&#8221;#1c1f21&#8243; font_color=&#8221;#ffffff&#8221;][vc_column column_effect=&#8221;vertical-parallax&#8221; column_effect_limit=&#8221;3x&#8221; column_effect_invert=&#8221;true&#8221;][\/vc_column][\/vc_row]<\/p>\n","protected":false},"author":1,"featured_media":0,"parent":0,"menu_order":0,"comment_status":"closed","ping_status":"closed","template":"","meta":{"_acf_changed":false,"content-type":"","footnotes":""},"class_list":["post-16648","page","type-page","status-publish","hentry"],"acf":[],"_links":{"self":[{"href":"https:\/\/congolobilelo.com\/IN\/wp-json\/wp\/v2\/pages\/16648","targetHints":{"allow":["GET"]}}],"collection":[{"href":"https:\/\/congolobilelo.com\/IN\/wp-json\/wp\/v2\/pages"}],"about":[{"href":"https:\/\/congolobilelo.com\/IN\/wp-json\/wp\/v2\/types\/page"}],"author":[{"embeddable":true,"href":"https:\/\/congolobilelo.com\/IN\/wp-json\/wp\/v2\/users\/1"}],"replies":[{"embeddable":true,"href":"https:\/\/congolobilelo.com\/IN\/wp-json\/wp\/v2\/comments?post=16648"}],"version-history":[{"count":5,"href":"https:\/\/congolobilelo.com\/IN\/wp-json\/wp\/v2\/pages\/16648\/revisions"}],"predecessor-version":[{"id":16874,"href":"https:\/\/congolobilelo.com\/IN\/wp-json\/wp\/v2\/pages\/16648\/revisions\/16874"}],"wp:attachment":[{"href":"https:\/\/congolobilelo.com\/IN\/wp-json\/wp\/v2\/media?parent=16648"}],"curies":[{"name":"wp","href":"https:\/\/api.w.org\/{rel}","templated":true}]}}