{"id":16640,"date":"2024-11-14T10:49:34","date_gmt":"2024-11-14T09:49:34","guid":{"rendered":"https:\/\/congolobilelo.com\/IN\/?page_id=16640"},"modified":"2024-11-22T10:23:21","modified_gmt":"2024-11-22T09:23:21","slug":"nc","status":"publish","type":"page","link":"https:\/\/congolobilelo.com\/IN\/nc\/","title":{"rendered":"Nous contacter"},"content":{"rendered":"<div class=\"wpb-content-wrapper\"><p>[vc_row heading_color=&#8221;light&#8221; bg_type=&#8221;image&#8221; bg_image=&#8221;16587&#8243; bg_image_type=&#8221;horizontal-parallax-lr&#8221; bg_image_size=&#8221;full&#8221; color_overlay=&#8221;dark&#8221; font_color=&#8221;#ffffff&#8221; min_height=&#8221;200&#8243;][vc_column column_effect=&#8221;mouse-move-x-y&#8221; column_effect_invert=&#8221;true&#8221; width=&#8221;1\/2&#8243;]<div class=\"grve-empty-space grve-height-3x\" style=\"\"><\/div><h1 class=\"grve-element grve-title grve-align-left grve-animated-item grve-duration-normal grve-fade-in-left grve-h1 grve-increase-heading grve-heading-300\" style=\"margin-bottom: 0px;\" data-delay=\"200\"><span>Nous contacter<\/span><\/h1>[vc_column_text css=&#8221;&#8221; text_style=&#8221;leader-text&#8221; animation=&#8221;grve-fade-in-up&#8221; animation_delay=&#8221;600&#8243;]Pour toute information, suggestion, proposition ou autres.[\/vc_column_text][\/vc_column][vc_column width=&#8221;1\/2&#8243;][\/vc_column][\/vc_row][vc_row][vc_column width=&#8221;1\/2&#8243;][vc_column_text]Vous avez un \u00e9v\u00e8nement \u00e0 annoncer? un article \u00e0 diffuser? Un message \u00e0 faire passer? des comp\u00e9tences \u00e0 partager? La volont\u00e9 de participer au mouvement?<br \/>\nN&#8217;h\u00e9sitez pas \u00e0 nous contacter \u00e0 ingetaweb[a]gmail.com ou via le formulaire ci-dessous. Merci.<\/p>\n<div class=\"wpcf7 no-js\" id=\"wpcf7-f285-o1\" lang=\"en-US\" dir=\"ltr\" data-wpcf7-id=\"285\">\n<div class=\"screen-reader-response\"><p role=\"status\" aria-live=\"polite\" aria-atomic=\"true\"><\/p> <ul><\/ul><\/div>\n<form action=\"\/IN\/wp-json\/wp\/v2\/pages\/16640#wpcf7-f285-o1\" method=\"post\" class=\"wpcf7-form init\" aria-label=\"Contact form\" novalidate=\"novalidate\" data-status=\"init\">\n<fieldset class=\"hidden-fields-container\"><input type=\"hidden\" name=\"_wpcf7\" value=\"285\" \/><input type=\"hidden\" name=\"_wpcf7_version\" value=\"6.1.5\" \/><input type=\"hidden\" name=\"_wpcf7_locale\" value=\"en_US\" \/><input type=\"hidden\" name=\"_wpcf7_unit_tag\" value=\"wpcf7-f285-o1\" \/><input type=\"hidden\" name=\"_wpcf7_container_post\" value=\"0\" \/><input type=\"hidden\" name=\"_wpcf7_posted_data_hash\" value=\"\" \/>\n<\/fieldset>\n<p><label> Your name<br \/>\n<span class=\"wpcf7-form-control-wrap\" data-name=\"your-name\"><input size=\"40\" maxlength=\"400\" class=\"wpcf7-form-control wpcf7-text wpcf7-validates-as-required\" autocomplete=\"name\" aria-required=\"true\" aria-invalid=\"false\" value=\"\" type=\"text\" name=\"your-name\" \/><\/span> <\/label>\n<\/p>\n<p><label> Your email<br \/>\n<span class=\"wpcf7-form-control-wrap\" data-name=\"your-email\"><input size=\"40\" maxlength=\"400\" class=\"wpcf7-form-control wpcf7-email wpcf7-validates-as-required wpcf7-text wpcf7-validates-as-email\" autocomplete=\"email\" aria-required=\"true\" aria-invalid=\"false\" value=\"\" type=\"email\" name=\"your-email\" \/><\/span> <\/label>\n<\/p>\n<p><label> Subject<br \/>\n<span class=\"wpcf7-form-control-wrap\" data-name=\"your-subject\"><input size=\"40\" maxlength=\"400\" class=\"wpcf7-form-control wpcf7-text wpcf7-validates-as-required\" aria-required=\"true\" aria-invalid=\"false\" value=\"\" type=\"text\" name=\"your-subject\" \/><\/span> <\/label>\n<\/p>\n<p><label> Your message (optional)<br \/>\n<span class=\"wpcf7-form-control-wrap\" data-name=\"your-message\"><textarea cols=\"40\" rows=\"10\" maxlength=\"2000\" class=\"wpcf7-form-control wpcf7-textarea\" aria-invalid=\"false\" name=\"your-message\"><\/textarea><\/span> <\/label>\n<\/p>\n<p><input class=\"wpcf7-form-control wpcf7-submit has-spinner\" type=\"submit\" value=\"Submit\" \/>\n<\/p><div class=\"wpcf7-response-output\" aria-hidden=\"true\"><\/div>\n<\/form>\n<\/div>\n[\/vc_column_text][\/vc_column][vc_column width=&#8221;1\/2&#8243;]<div class=\"grve-element grve-image grve-align-center\" style=\"\">  <div class=\"grve-image-wrapper\"><img loading=\"lazy\" decoding=\"async\" width=\"2560\" height=\"1811\" src=\"https:\/\/congolobilelo.com\/IN\/wp-content\/uploads\/2024\/11\/Flyers-V2-Ingeta9-scaled.jpg\" class=\"attachment-full size-full\" alt=\"\" srcset=\"https:\/\/congolobilelo.com\/IN\/wp-content\/uploads\/2024\/11\/Flyers-V2-Ingeta9-scaled.jpg 2560w, https:\/\/congolobilelo.com\/IN\/wp-content\/uploads\/2024\/11\/Flyers-V2-Ingeta9-300x212.jpg 300w, https:\/\/congolobilelo.com\/IN\/wp-content\/uploads\/2024\/11\/Flyers-V2-Ingeta9-1024x724.jpg 1024w, https:\/\/congolobilelo.com\/IN\/wp-content\/uploads\/2024\/11\/Flyers-V2-Ingeta9-768x543.jpg 768w, https:\/\/congolobilelo.com\/IN\/wp-content\/uploads\/2024\/11\/Flyers-V2-Ingeta9-1536x1086.jpg 1536w, https:\/\/congolobilelo.com\/IN\/wp-content\/uploads\/2024\/11\/Flyers-V2-Ingeta9-1920x1358.jpg 1920w\" sizes=\"auto, (max-width: 2560px) 100vw, 2560px\" \/>   <\/div><\/div>[\/vc_column][\/vc_row][vc_row heading_color=&#8221;light&#8221; bg_type=&#8221;color&#8221; padding_top_multiplier=&#8221;5x&#8221; padding_bottom_multiplier=&#8221;5x&#8221; bg_color=&#8221;#1c1f21&#8243; font_color=&#8221;#ffffff&#8221;][vc_column column_effect=&#8221;vertical-parallax&#8221; column_effect_limit=&#8221;3x&#8221; column_effect_invert=&#8221;true&#8221;]<h3 class=\"grve-element grve-title grve-align-center grve-h1 grve-custom-font-1 grve-increase-heading grve-heading-140\" style=\"\"><span>&#8220;Crions avec foi et engagement : levons-nous et b\u00e2tissons un pays plus beau qu\u2019avant, dans l\u2019amour du prochain et de la patrie, dans la dignit\u00e9, la paix, la justice et le travail.&#8221;<br \/>\n<span style=\"color: #0080ff;\">&#8211; Honor\u00e9 Ngbanda Nzambo<\/span><\/span><\/h3>[\/vc_column][\/vc_row]<\/p>\n<\/div>","protected":false},"excerpt":{"rendered":"<p>[vc_row heading_color=&#8221;light&#8221; bg_type=&#8221;image&#8221; bg_image=&#8221;16587&#8243; bg_image_type=&#8221;horizontal-parallax-lr&#8221; bg_image_size=&#8221;full&#8221; color_overlay=&#8221;dark&#8221; font_color=&#8221;#ffffff&#8221; min_height=&#8221;200&#8243;][vc_column column_effect=&#8221;mouse-move-x-y&#8221; column_effect_invert=&#8221;true&#8221; width=&#8221;1\/2&#8243;][vc_column_text css=&#8221;&#8221; text_style=&#8221;leader-text&#8221; animation=&#8221;grve-fade-in-up&#8221; animation_delay=&#8221;600&#8243;]Pour toute information, suggestion, proposition ou autres.[\/vc_column_text][\/vc_column][vc_column width=&#8221;1\/2&#8243;][\/vc_column][\/vc_row][vc_row][vc_column width=&#8221;1\/2&#8243;][vc_column_text]Vous avez un \u00e9v\u00e8nement \u00e0 annoncer? un article \u00e0 diffuser? Un message \u00e0 faire passer? des comp\u00e9tences \u00e0 partager? La volont\u00e9 de participer au mouvement? N&#8217;h\u00e9sitez pas \u00e0 nous contacter \u00e0 ingetaweb[a]gmail.com [&hellip;]<\/p>\n","protected":false},"author":1,"featured_media":0,"parent":0,"menu_order":4,"comment_status":"open","ping_status":"closed","template":"","meta":{"_acf_changed":false,"content-type":"","footnotes":""},"class_list":["post-16640","page","type-page","status-publish","hentry"],"acf":[],"_links":{"self":[{"href":"https:\/\/congolobilelo.com\/IN\/wp-json\/wp\/v2\/pages\/16640","targetHints":{"allow":["GET"]}}],"collection":[{"href":"https:\/\/congolobilelo.com\/IN\/wp-json\/wp\/v2\/pages"}],"about":[{"href":"https:\/\/congolobilelo.com\/IN\/wp-json\/wp\/v2\/types\/page"}],"author":[{"embeddable":true,"href":"https:\/\/congolobilelo.com\/IN\/wp-json\/wp\/v2\/users\/1"}],"replies":[{"embeddable":true,"href":"https:\/\/congolobilelo.com\/IN\/wp-json\/wp\/v2\/comments?post=16640"}],"version-history":[{"count":5,"href":"https:\/\/congolobilelo.com\/IN\/wp-json\/wp\/v2\/pages\/16640\/revisions"}],"predecessor-version":[{"id":16877,"href":"https:\/\/congolobilelo.com\/IN\/wp-json\/wp\/v2\/pages\/16640\/revisions\/16877"}],"wp:attachment":[{"href":"https:\/\/congolobilelo.com\/IN\/wp-json\/wp\/v2\/media?parent=16640"}],"curies":[{"name":"wp","href":"https:\/\/api.w.org\/{rel}","templated":true}]}}